{"id":23716,"date":"2025-11-10T17:52:57","date_gmt":"2025-11-10T15:52:57","guid":{"rendered":"https:\/\/www.caponecaccia.it\/?post_type=product&#038;p=23716"},"modified":"2025-11-10T21:07:25","modified_gmt":"2025-11-10T19:07:25","slug":"giacca-tornado","status":"publish","type":"product","link":"https:\/\/www.caponecaccia.it\/en\/product\/giacca-tornado\/","title":{"rendered":"GIACCA TORNADO ORANGE"},"content":{"rendered":"","protected":false},"excerpt":{"rendered":"<p>La TORNADO \u00e8 una giacca tecnica progettata per offrire massima protezione, comfort e funzionalit\u00e0 durante la caccia o le attivit\u00e0 all\u2019aperto.<br \/>\nRealizzata in cordura impermeabile e antistrappo, garantisce resistenza e durata anche nelle condizioni pi\u00f9 difficili.<\/p>\n<p>\u00c8 dotata di molteplici tasche con chiusure a zip, tra cui due tasche al petto pensate per alloggiare dispositivi GPS o satellitari, di ampie tasche frontali multifunzione e di un tascone posteriore estremamente capiente.<br \/>\nIl cappuccio regolabile, la chiusura frontale con zip a doppio cursore e l\u2019interno traspirante assicurano praticit\u00e0 e comfort in ogni situazione. principali.<\/p>\n<p>Disponibile dalla taglia S alla 5XL<\/p>","protected":false},"featured_media":23718,"comment_status":"open","ping_status":"closed","template":"","meta":{"om_disable_all_campaigns":false,"_monsterinsights_skip_tracking":false,"_monsterinsights_sitenote_active":false,"_monsterinsights_sitenote_note":"","_monsterinsights_sitenote_category":0,"_uf_show_specific_survey":0,"_uf_disable_surveys":false},"product_brand":[],"product_cat":[19,113],"product_tag":[42],"class_list":{"0":"post-23716","1":"product","2":"type-product","3":"status-publish","4":"has-post-thumbnail","6":"product_cat-giacche","7":"product_cat-promo-primavera","8":"product_tag-linea-capone-caccia","10":"first","11":"instock","12":"sale","13":"taxable","14":"shipping-taxable","15":"purchasable","16":"product-type-variable"},"yoast_head":"<!-- This site is optimized with the Yoast SEO plugin v26.6 - https:\/\/yoast.com\/wordpress\/plugins\/seo\/ -->\n<title>GIACCA TORNADO ORANGE - Capone Caccia<\/title>\n<meta name=\"robots\" content=\"index, follow, max-snippet:-1, max-image-preview:large, max-video-preview:-1\" \/>\n<link rel=\"canonical\" href=\"https:\/\/www.caponecaccia.it\/en\/product\/giacca-tornado\/\" \/>\n<meta property=\"og:locale\" content=\"en_GB\" \/>\n<meta property=\"og:type\" content=\"article\" \/>\n<meta property=\"og:title\" content=\"GIACCA TORNADO ORANGE - Capone Caccia\" \/>\n<meta property=\"og:description\" content=\"La TORNADO \u00e8 una giacca tecnica progettata per offrire massima protezione, comfort e funzionalit\u00e0 durante la caccia o le attivit\u00e0 all\u2019aperto. Realizzata in cordura impermeabile e antistrappo, garantisce resistenza e durata anche nelle condizioni pi\u00f9 difficili.  \u00c8 dotata di molteplici tasche con chiusure a zip, tra cui due tasche al petto pensate per alloggiare dispositivi GPS o satellitari, di ampie tasche frontali multifunzione e di un tascone posteriore estremamente capiente. Il cappuccio regolabile, la chiusura frontale con zip a doppio cursore e l\u2019interno traspirante assicurano praticit\u00e0 e comfort in ogni situazione. principali.  Disponibile dalla taglia S alla 5XL\" \/>\n<meta property=\"og:url\" content=\"https:\/\/www.caponecaccia.it\/en\/product\/giacca-tornado\/\" \/>\n<meta property=\"og:site_name\" content=\"Capone Caccia\" \/>\n<meta property=\"article:modified_time\" content=\"2025-11-10T19:07:25+00:00\" \/>\n<meta property=\"og:image\" content=\"https:\/\/www.caponecaccia.it\/wp-content\/uploads\/2025\/11\/WhatsApp-Image-2025-11-10-at-16.52.11.jpeg\" \/>\n\t<meta property=\"og:image:width\" content=\"1600\" \/>\n\t<meta property=\"og:image:height\" content=\"1600\" \/>\n\t<meta property=\"og:image:type\" content=\"image\/jpeg\" \/>\n<meta name=\"twitter:card\" content=\"summary_large_image\" \/>\n<meta name=\"twitter:label1\" content=\"Estimated reading time\" \/>\n\t<meta name=\"twitter:data1\" content=\"1 minute\" \/>\n<script type=\"application\/ld+json\" class=\"yoast-schema-graph\">{\"@context\":\"https:\/\/schema.org\",\"@graph\":[{\"@type\":\"WebPage\",\"@id\":\"https:\/\/www.caponecaccia.it\/prodotto\/giacca-tornado\/\",\"url\":\"https:\/\/www.caponecaccia.it\/prodotto\/giacca-tornado\/\",\"name\":\"GIACCA TORNADO ORANGE - Capone Caccia\",\"isPartOf\":{\"@id\":\"https:\/\/www.caponecaccia.it\/#website\"},\"primaryImageOfPage\":{\"@id\":\"https:\/\/www.caponecaccia.it\/prodotto\/giacca-tornado\/#primaryimage\"},\"image\":{\"@id\":\"https:\/\/www.caponecaccia.it\/prodotto\/giacca-tornado\/#primaryimage\"},\"thumbnailUrl\":\"https:\/\/www.caponecaccia.it\/wp-content\/uploads\/2025\/11\/WhatsApp-Image-2025-11-10-at-16.52.11.jpeg\",\"datePublished\":\"2025-11-10T15:52:57+00:00\",\"dateModified\":\"2025-11-10T19:07:25+00:00\",\"breadcrumb\":{\"@id\":\"https:\/\/www.caponecaccia.it\/prodotto\/giacca-tornado\/#breadcrumb\"},\"inLanguage\":\"en-GB\",\"potentialAction\":[{\"@type\":\"ReadAction\",\"target\":[\"https:\/\/www.caponecaccia.it\/prodotto\/giacca-tornado\/\"]}]},{\"@type\":\"ImageObject\",\"inLanguage\":\"en-GB\",\"@id\":\"https:\/\/www.caponecaccia.it\/prodotto\/giacca-tornado\/#primaryimage\",\"url\":\"https:\/\/www.caponecaccia.it\/wp-content\/uploads\/2025\/11\/WhatsApp-Image-2025-11-10-at-16.52.11.jpeg\",\"contentUrl\":\"https:\/\/www.caponecaccia.it\/wp-content\/uploads\/2025\/11\/WhatsApp-Image-2025-11-10-at-16.52.11.jpeg\",\"width\":1600,\"height\":1600},{\"@type\":\"BreadcrumbList\",\"@id\":\"https:\/\/www.caponecaccia.it\/prodotto\/giacca-tornado\/#breadcrumb\",\"itemListElement\":[{\"@type\":\"ListItem\",\"position\":1,\"name\":\"Home\",\"item\":\"https:\/\/www.caponecaccia.it\/\"},{\"@type\":\"ListItem\",\"position\":2,\"name\":\"Shop\",\"item\":\"https:\/\/www.caponecaccia.it\/negozio\/\"},{\"@type\":\"ListItem\",\"position\":3,\"name\":\"GIACCA TORNADO ORANGE\"}]},{\"@type\":\"WebSite\",\"@id\":\"https:\/\/www.caponecaccia.it\/#website\",\"url\":\"https:\/\/www.caponecaccia.it\/\",\"name\":\"Capone Caccia\",\"description\":\"\",\"publisher\":{\"@id\":\"https:\/\/www.caponecaccia.it\/#organization\"},\"potentialAction\":[{\"@type\":\"SearchAction\",\"target\":{\"@type\":\"EntryPoint\",\"urlTemplate\":\"https:\/\/www.caponecaccia.it\/?s={search_term_string}\"},\"query-input\":{\"@type\":\"PropertyValueSpecification\",\"valueRequired\":true,\"valueName\":\"search_term_string\"}}],\"inLanguage\":\"en-GB\"},{\"@type\":\"Organization\",\"@id\":\"https:\/\/www.caponecaccia.it\/#organization\",\"name\":\"Capone Caccia\",\"url\":\"https:\/\/www.caponecaccia.it\/\",\"logo\":{\"@type\":\"ImageObject\",\"inLanguage\":\"en-GB\",\"@id\":\"https:\/\/www.caponecaccia.it\/#\/schema\/logo\/image\/\",\"url\":\"https:\/\/www.caponecaccia.it\/wp-content\/uploads\/2019\/04\/logo2.png\",\"contentUrl\":\"https:\/\/www.caponecaccia.it\/wp-content\/uploads\/2019\/04\/logo2.png\",\"width\":100,\"height\":100,\"caption\":\"Capone Caccia\"},\"image\":{\"@id\":\"https:\/\/www.caponecaccia.it\/#\/schema\/logo\/image\/\"}}]}<\/script>\n<!-- \/ Yoast SEO plugin. -->","yoast_head_json":{"title":"GIACCA TORNADO ORANGE - Capone Caccia","robots":{"index":"index","follow":"follow","max-snippet":"max-snippet:-1","max-image-preview":"max-image-preview:large","max-video-preview":"max-video-preview:-1"},"canonical":"https:\/\/www.caponecaccia.it\/en\/product\/giacca-tornado\/","og_locale":"en_GB","og_type":"article","og_title":"GIACCA TORNADO ORANGE - Capone Caccia","og_description":"La TORNADO \u00e8 una giacca tecnica progettata per offrire massima protezione, comfort e funzionalit\u00e0 durante la caccia o le attivit\u00e0 all\u2019aperto. Realizzata in cordura impermeabile e antistrappo, garantisce resistenza e durata anche nelle condizioni pi\u00f9 difficili.  \u00c8 dotata di molteplici tasche con chiusure a zip, tra cui due tasche al petto pensate per alloggiare dispositivi GPS o satellitari, di ampie tasche frontali multifunzione e di un tascone posteriore estremamente capiente. Il cappuccio regolabile, la chiusura frontale con zip a doppio cursore e l\u2019interno traspirante assicurano praticit\u00e0 e comfort in ogni situazione. principali.  Disponibile dalla taglia S alla 5XL","og_url":"https:\/\/www.caponecaccia.it\/en\/product\/giacca-tornado\/","og_site_name":"Capone Caccia","article_modified_time":"2025-11-10T19:07:25+00:00","og_image":[{"width":1600,"height":1600,"url":"https:\/\/www.caponecaccia.it\/wp-content\/uploads\/2025\/11\/WhatsApp-Image-2025-11-10-at-16.52.11.jpeg","type":"image\/jpeg"}],"twitter_card":"summary_large_image","twitter_misc":{"Estimated reading time":"1 minute"},"schema":{"@context":"https:\/\/schema.org","@graph":[{"@type":"WebPage","@id":"https:\/\/www.caponecaccia.it\/prodotto\/giacca-tornado\/","url":"https:\/\/www.caponecaccia.it\/prodotto\/giacca-tornado\/","name":"GIACCA TORNADO ORANGE - Capone Caccia","isPartOf":{"@id":"https:\/\/www.caponecaccia.it\/#website"},"primaryImageOfPage":{"@id":"https:\/\/www.caponecaccia.it\/prodotto\/giacca-tornado\/#primaryimage"},"image":{"@id":"https:\/\/www.caponecaccia.it\/prodotto\/giacca-tornado\/#primaryimage"},"thumbnailUrl":"https:\/\/www.caponecaccia.it\/wp-content\/uploads\/2025\/11\/WhatsApp-Image-2025-11-10-at-16.52.11.jpeg","datePublished":"2025-11-10T15:52:57+00:00","dateModified":"2025-11-10T19:07:25+00:00","breadcrumb":{"@id":"https:\/\/www.caponecaccia.it\/prodotto\/giacca-tornado\/#breadcrumb"},"inLanguage":"en-GB","potentialAction":[{"@type":"ReadAction","target":["https:\/\/www.caponecaccia.it\/prodotto\/giacca-tornado\/"]}]},{"@type":"ImageObject","inLanguage":"en-GB","@id":"https:\/\/www.caponecaccia.it\/prodotto\/giacca-tornado\/#primaryimage","url":"https:\/\/www.caponecaccia.it\/wp-content\/uploads\/2025\/11\/WhatsApp-Image-2025-11-10-at-16.52.11.jpeg","contentUrl":"https:\/\/www.caponecaccia.it\/wp-content\/uploads\/2025\/11\/WhatsApp-Image-2025-11-10-at-16.52.11.jpeg","width":1600,"height":1600},{"@type":"BreadcrumbList","@id":"https:\/\/www.caponecaccia.it\/prodotto\/giacca-tornado\/#breadcrumb","itemListElement":[{"@type":"ListItem","position":1,"name":"Home","item":"https:\/\/www.caponecaccia.it\/"},{"@type":"ListItem","position":2,"name":"Shop","item":"https:\/\/www.caponecaccia.it\/negozio\/"},{"@type":"ListItem","position":3,"name":"GIACCA TORNADO ORANGE"}]},{"@type":"WebSite","@id":"https:\/\/www.caponecaccia.it\/#website","url":"https:\/\/www.caponecaccia.it\/","name":"Capone Hunt","description":"","publisher":{"@id":"https:\/\/www.caponecaccia.it\/#organization"},"potentialAction":[{"@type":"SearchAction","target":{"@type":"EntryPoint","urlTemplate":"https:\/\/www.caponecaccia.it\/?s={search_term_string}"},"query-input":{"@type":"PropertyValueSpecification","valueRequired":true,"valueName":"search_term_string"}}],"inLanguage":"en-GB"},{"@type":"Organization","@id":"https:\/\/www.caponecaccia.it\/#organization","name":"Capone Hunt","url":"https:\/\/www.caponecaccia.it\/","logo":{"@type":"ImageObject","inLanguage":"en-GB","@id":"https:\/\/www.caponecaccia.it\/#\/schema\/logo\/image\/","url":"https:\/\/www.caponecaccia.it\/wp-content\/uploads\/2019\/04\/logo2.png","contentUrl":"https:\/\/www.caponecaccia.it\/wp-content\/uploads\/2019\/04\/logo2.png","width":100,"height":100,"caption":"Capone Caccia"},"image":{"@id":"https:\/\/www.caponecaccia.it\/#\/schema\/logo\/image\/"}}]}},"_links":{"self":[{"href":"https:\/\/www.caponecaccia.it\/en\/wp-json\/wp\/v2\/product\/23716","targetHints":{"allow":["GET"]}}],"collection":[{"href":"https:\/\/www.caponecaccia.it\/en\/wp-json\/wp\/v2\/product"}],"about":[{"href":"https:\/\/www.caponecaccia.it\/en\/wp-json\/wp\/v2\/types\/product"}],"replies":[{"embeddable":true,"href":"https:\/\/www.caponecaccia.it\/en\/wp-json\/wp\/v2\/comments?post=23716"}],"wp:featuredmedia":[{"embeddable":true,"href":"https:\/\/www.caponecaccia.it\/en\/wp-json\/wp\/v2\/media\/23718"}],"wp:attachment":[{"href":"https:\/\/www.caponecaccia.it\/en\/wp-json\/wp\/v2\/media?parent=23716"}],"wp:term":[{"taxonomy":"product_brand","embeddable":true,"href":"https:\/\/www.caponecaccia.it\/en\/wp-json\/wp\/v2\/product_brand?post=23716"},{"taxonomy":"product_cat","embeddable":true,"href":"https:\/\/www.caponecaccia.it\/en\/wp-json\/wp\/v2\/product_cat?post=23716"},{"taxonomy":"product_tag","embeddable":true,"href":"https:\/\/www.caponecaccia.it\/en\/wp-json\/wp\/v2\/product_tag?post=23716"}],"curies":[{"name":"wp","href":"https:\/\/api.w.org\/{rel}","templated":true}]}}