{"id":21571,"date":"2025-06-30T14:26:10","date_gmt":"2025-06-30T12:26:10","guid":{"rendered":"https:\/\/www.caponecaccia.it\/?post_type=product&#038;p=21571"},"modified":"2026-03-09T11:44:26","modified_gmt":"2026-03-09T09:44:26","slug":"crispi-nevada-legend-goretex","status":"publish","type":"product","link":"https:\/\/www.caponecaccia.it\/en\/product\/crispi-nevada-legend-goretex\/","title":{"rendered":"CRISPI NEVADA LEGEND GORETEX"},"content":{"rendered":"","protected":false},"excerpt":{"rendered":"<p>Consigliato per le attivit\u00e0 venatorie pi\u00f9 intense, dalla pianura alla media montagna. Stabilit\u00e0, comfort e protezione contro gli urti grazie all&#8217;intersuola Elastoflex e al battistrada con particolare mescola Megagrip.<\/p>\n<p>Tomaia: Nabuck idrorepellente<br \/>\nGORE-TEX: Insulated Comfort Footwear<br \/>\nSottopiede: Struttura differenziata<br \/>\nSoletta estraibile: CRISPI\u00ae Air Mesh + Feltro + Carboni Attivi. Ottima traspirabilit\u00e0 ed azione antisudore-antiodore grazie alla costruzione CRISPI\u00ae 3D<br \/>\nProtezione: Bordo in gomma<br \/>\nSuola: Vibram\u00ae con intersuola ammortizzante in poliuretano ed inserot Elastoflex EFX<br \/>\nPESO: 800gr<\/p>\n<p>Disponibile dal 39 al 47<\/p>","protected":false},"featured_media":21575,"comment_status":"open","ping_status":"closed","template":"","meta":{"om_disable_all_campaigns":false,"_monsterinsights_skip_tracking":false,"_monsterinsights_sitenote_active":false,"_monsterinsights_sitenote_note":"","_monsterinsights_sitenote_category":0,"_uf_show_specific_survey":0,"_uf_disable_surveys":false},"product_brand":[],"product_cat":[24],"product_tag":[],"class_list":{"0":"post-21571","1":"product","2":"type-product","3":"status-publish","4":"has-post-thumbnail","6":"product_cat-scarpe-e-stivali","8":"first","9":"instock","10":"sale","11":"taxable","12":"shipping-taxable","13":"purchasable","14":"product-type-variable"},"yoast_head":"<!-- This site is optimized with the Yoast SEO plugin v26.6 - https:\/\/yoast.com\/wordpress\/plugins\/seo\/ -->\n<title>Scarpone CRISPI NEVADA LEGEND GORETEX |Capone Caccia Abbigliamento<\/title>\n<meta name=\"robots\" content=\"index, follow, max-snippet:-1, max-image-preview:large, max-video-preview:-1\" \/>\n<link rel=\"canonical\" href=\"https:\/\/www.caponecaccia.it\/en\/product\/crispi-nevada-legend-goretex\/\" \/>\n<meta property=\"og:locale\" content=\"en_GB\" \/>\n<meta property=\"og:type\" content=\"article\" \/>\n<meta property=\"og:title\" content=\"Scarpone CRISPI NEVADA LEGEND GORETEX |Capone Caccia Abbigliamento\" \/>\n<meta property=\"og:description\" content=\"Consigliato per le attivit\u00e0 venatorie pi\u00f9 intense, dalla pianura alla media montagna. Stabilit\u00e0, comfort e protezione contro gli urti grazie all&#039;intersuola Elastoflex e al battistrada con particolare mescola Megagrip.  Tomaia: Nabuck idrorepellente GORE-TEX: Insulated Comfort Footwear Sottopiede: Struttura differenziata Soletta estraibile: CRISPI\u00ae Air Mesh + Feltro + Carboni Attivi. Ottima traspirabilit\u00e0 ed azione antisudore-antiodore grazie alla costruzione CRISPI\u00ae 3D Protezione: Bordo in gomma Suola: Vibram\u00ae con intersuola ammortizzante in poliuretano ed inserot Elastoflex EFX PESO: 800gr  Disponibile dal 39 al 47\" \/>\n<meta property=\"og:url\" content=\"https:\/\/www.caponecaccia.it\/en\/product\/crispi-nevada-legend-goretex\/\" \/>\n<meta property=\"og:site_name\" content=\"Capone Caccia\" \/>\n<meta property=\"article:modified_time\" content=\"2026-03-09T09:44:26+00:00\" \/>\n<meta property=\"og:image\" content=\"https:\/\/www.caponecaccia.it\/wp-content\/uploads\/2025\/06\/Copia-di-Capone-Prodotti-12.png\" \/>\n\t<meta property=\"og:image:width\" content=\"1080\" \/>\n\t<meta property=\"og:image:height\" content=\"1080\" \/>\n\t<meta property=\"og:image:type\" content=\"image\/png\" \/>\n<meta name=\"twitter:card\" content=\"summary_large_image\" \/>\n<meta name=\"twitter:label1\" content=\"Estimated reading time\" \/>\n\t<meta name=\"twitter:data1\" content=\"1 minute\" \/>\n<script type=\"application\/ld+json\" class=\"yoast-schema-graph\">{\"@context\":\"https:\/\/schema.org\",\"@graph\":[{\"@type\":\"WebPage\",\"@id\":\"https:\/\/www.caponecaccia.it\/prodotto\/crispi-nevada-legend-goretex\/\",\"url\":\"https:\/\/www.caponecaccia.it\/prodotto\/crispi-nevada-legend-goretex\/\",\"name\":\"Scarpone CRISPI NEVADA LEGEND GORETEX |Capone Caccia Abbigliamento\",\"isPartOf\":{\"@id\":\"https:\/\/www.caponecaccia.it\/#website\"},\"primaryImageOfPage\":{\"@id\":\"https:\/\/www.caponecaccia.it\/prodotto\/crispi-nevada-legend-goretex\/#primaryimage\"},\"image\":{\"@id\":\"https:\/\/www.caponecaccia.it\/prodotto\/crispi-nevada-legend-goretex\/#primaryimage\"},\"thumbnailUrl\":\"https:\/\/www.caponecaccia.it\/wp-content\/uploads\/2025\/06\/Copia-di-Capone-Prodotti-12.png\",\"datePublished\":\"2025-06-30T12:26:10+00:00\",\"dateModified\":\"2026-03-09T09:44:26+00:00\",\"breadcrumb\":{\"@id\":\"https:\/\/www.caponecaccia.it\/prodotto\/crispi-nevada-legend-goretex\/#breadcrumb\"},\"inLanguage\":\"en-GB\",\"potentialAction\":[{\"@type\":\"ReadAction\",\"target\":[\"https:\/\/www.caponecaccia.it\/prodotto\/crispi-nevada-legend-goretex\/\"]}]},{\"@type\":\"ImageObject\",\"inLanguage\":\"en-GB\",\"@id\":\"https:\/\/www.caponecaccia.it\/prodotto\/crispi-nevada-legend-goretex\/#primaryimage\",\"url\":\"https:\/\/www.caponecaccia.it\/wp-content\/uploads\/2025\/06\/Copia-di-Capone-Prodotti-12.png\",\"contentUrl\":\"https:\/\/www.caponecaccia.it\/wp-content\/uploads\/2025\/06\/Copia-di-Capone-Prodotti-12.png\",\"width\":1080,\"height\":1080},{\"@type\":\"BreadcrumbList\",\"@id\":\"https:\/\/www.caponecaccia.it\/prodotto\/crispi-nevada-legend-goretex\/#breadcrumb\",\"itemListElement\":[{\"@type\":\"ListItem\",\"position\":1,\"name\":\"Home\",\"item\":\"https:\/\/www.caponecaccia.it\/\"},{\"@type\":\"ListItem\",\"position\":2,\"name\":\"Shop\",\"item\":\"https:\/\/www.caponecaccia.it\/negozio\/\"},{\"@type\":\"ListItem\",\"position\":3,\"name\":\"CRISPI NEVADA LEGEND GORETEX\"}]},{\"@type\":\"WebSite\",\"@id\":\"https:\/\/www.caponecaccia.it\/#website\",\"url\":\"https:\/\/www.caponecaccia.it\/\",\"name\":\"Capone Caccia\",\"description\":\"\",\"publisher\":{\"@id\":\"https:\/\/www.caponecaccia.it\/#organization\"},\"potentialAction\":[{\"@type\":\"SearchAction\",\"target\":{\"@type\":\"EntryPoint\",\"urlTemplate\":\"https:\/\/www.caponecaccia.it\/?s={search_term_string}\"},\"query-input\":{\"@type\":\"PropertyValueSpecification\",\"valueRequired\":true,\"valueName\":\"search_term_string\"}}],\"inLanguage\":\"en-GB\"},{\"@type\":\"Organization\",\"@id\":\"https:\/\/www.caponecaccia.it\/#organization\",\"name\":\"Capone Caccia\",\"url\":\"https:\/\/www.caponecaccia.it\/\",\"logo\":{\"@type\":\"ImageObject\",\"inLanguage\":\"en-GB\",\"@id\":\"https:\/\/www.caponecaccia.it\/#\/schema\/logo\/image\/\",\"url\":\"https:\/\/www.caponecaccia.it\/wp-content\/uploads\/2019\/04\/logo2.png\",\"contentUrl\":\"https:\/\/www.caponecaccia.it\/wp-content\/uploads\/2019\/04\/logo2.png\",\"width\":100,\"height\":100,\"caption\":\"Capone Caccia\"},\"image\":{\"@id\":\"https:\/\/www.caponecaccia.it\/#\/schema\/logo\/image\/\"}}]}<\/script>\n<!-- \/ Yoast SEO plugin. -->","yoast_head_json":{"title":"Scarpone CRISPI NEVADA LEGEND GORETEX |Capone Caccia Abbigliamento","robots":{"index":"index","follow":"follow","max-snippet":"max-snippet:-1","max-image-preview":"max-image-preview:large","max-video-preview":"max-video-preview:-1"},"canonical":"https:\/\/www.caponecaccia.it\/en\/product\/crispi-nevada-legend-goretex\/","og_locale":"en_GB","og_type":"article","og_title":"Scarpone CRISPI NEVADA LEGEND GORETEX |Capone Caccia Abbigliamento","og_description":"Consigliato per le attivit\u00e0 venatorie pi\u00f9 intense, dalla pianura alla media montagna. Stabilit\u00e0, comfort e protezione contro gli urti grazie all'intersuola Elastoflex e al battistrada con particolare mescola Megagrip.  Tomaia: Nabuck idrorepellente GORE-TEX: Insulated Comfort Footwear Sottopiede: Struttura differenziata Soletta estraibile: CRISPI\u00ae Air Mesh + Feltro + Carboni Attivi. Ottima traspirabilit\u00e0 ed azione antisudore-antiodore grazie alla costruzione CRISPI\u00ae 3D Protezione: Bordo in gomma Suola: Vibram\u00ae con intersuola ammortizzante in poliuretano ed inserot Elastoflex EFX PESO: 800gr  Disponibile dal 39 al 47","og_url":"https:\/\/www.caponecaccia.it\/en\/product\/crispi-nevada-legend-goretex\/","og_site_name":"Capone Caccia","article_modified_time":"2026-03-09T09:44:26+00:00","og_image":[{"width":1080,"height":1080,"url":"https:\/\/www.caponecaccia.it\/wp-content\/uploads\/2025\/06\/Copia-di-Capone-Prodotti-12.png","type":"image\/png"}],"twitter_card":"summary_large_image","twitter_misc":{"Estimated reading time":"1 minute"},"schema":{"@context":"https:\/\/schema.org","@graph":[{"@type":"WebPage","@id":"https:\/\/www.caponecaccia.it\/prodotto\/crispi-nevada-legend-goretex\/","url":"https:\/\/www.caponecaccia.it\/prodotto\/crispi-nevada-legend-goretex\/","name":"Scarpone CRISPI NEVADA LEGEND GORETEX |Capone Caccia Abbigliamento","isPartOf":{"@id":"https:\/\/www.caponecaccia.it\/#website"},"primaryImageOfPage":{"@id":"https:\/\/www.caponecaccia.it\/prodotto\/crispi-nevada-legend-goretex\/#primaryimage"},"image":{"@id":"https:\/\/www.caponecaccia.it\/prodotto\/crispi-nevada-legend-goretex\/#primaryimage"},"thumbnailUrl":"https:\/\/www.caponecaccia.it\/wp-content\/uploads\/2025\/06\/Copia-di-Capone-Prodotti-12.png","datePublished":"2025-06-30T12:26:10+00:00","dateModified":"2026-03-09T09:44:26+00:00","breadcrumb":{"@id":"https:\/\/www.caponecaccia.it\/prodotto\/crispi-nevada-legend-goretex\/#breadcrumb"},"inLanguage":"en-GB","potentialAction":[{"@type":"ReadAction","target":["https:\/\/www.caponecaccia.it\/prodotto\/crispi-nevada-legend-goretex\/"]}]},{"@type":"ImageObject","inLanguage":"en-GB","@id":"https:\/\/www.caponecaccia.it\/prodotto\/crispi-nevada-legend-goretex\/#primaryimage","url":"https:\/\/www.caponecaccia.it\/wp-content\/uploads\/2025\/06\/Copia-di-Capone-Prodotti-12.png","contentUrl":"https:\/\/www.caponecaccia.it\/wp-content\/uploads\/2025\/06\/Copia-di-Capone-Prodotti-12.png","width":1080,"height":1080},{"@type":"BreadcrumbList","@id":"https:\/\/www.caponecaccia.it\/prodotto\/crispi-nevada-legend-goretex\/#breadcrumb","itemListElement":[{"@type":"ListItem","position":1,"name":"Home","item":"https:\/\/www.caponecaccia.it\/"},{"@type":"ListItem","position":2,"name":"Shop","item":"https:\/\/www.caponecaccia.it\/negozio\/"},{"@type":"ListItem","position":3,"name":"CRISPI NEVADA LEGEND GORETEX"}]},{"@type":"WebSite","@id":"https:\/\/www.caponecaccia.it\/#website","url":"https:\/\/www.caponecaccia.it\/","name":"Capone Hunt","description":"","publisher":{"@id":"https:\/\/www.caponecaccia.it\/#organization"},"potentialAction":[{"@type":"SearchAction","target":{"@type":"EntryPoint","urlTemplate":"https:\/\/www.caponecaccia.it\/?s={search_term_string}"},"query-input":{"@type":"PropertyValueSpecification","valueRequired":true,"valueName":"search_term_string"}}],"inLanguage":"en-GB"},{"@type":"Organization","@id":"https:\/\/www.caponecaccia.it\/#organization","name":"Capone Hunt","url":"https:\/\/www.caponecaccia.it\/","logo":{"@type":"ImageObject","inLanguage":"en-GB","@id":"https:\/\/www.caponecaccia.it\/#\/schema\/logo\/image\/","url":"https:\/\/www.caponecaccia.it\/wp-content\/uploads\/2019\/04\/logo2.png","contentUrl":"https:\/\/www.caponecaccia.it\/wp-content\/uploads\/2019\/04\/logo2.png","width":100,"height":100,"caption":"Capone Caccia"},"image":{"@id":"https:\/\/www.caponecaccia.it\/#\/schema\/logo\/image\/"}}]}},"_links":{"self":[{"href":"https:\/\/www.caponecaccia.it\/en\/wp-json\/wp\/v2\/product\/21571","targetHints":{"allow":["GET"]}}],"collection":[{"href":"https:\/\/www.caponecaccia.it\/en\/wp-json\/wp\/v2\/product"}],"about":[{"href":"https:\/\/www.caponecaccia.it\/en\/wp-json\/wp\/v2\/types\/product"}],"replies":[{"embeddable":true,"href":"https:\/\/www.caponecaccia.it\/en\/wp-json\/wp\/v2\/comments?post=21571"}],"wp:featuredmedia":[{"embeddable":true,"href":"https:\/\/www.caponecaccia.it\/en\/wp-json\/wp\/v2\/media\/21575"}],"wp:attachment":[{"href":"https:\/\/www.caponecaccia.it\/en\/wp-json\/wp\/v2\/media?parent=21571"}],"wp:term":[{"taxonomy":"product_brand","embeddable":true,"href":"https:\/\/www.caponecaccia.it\/en\/wp-json\/wp\/v2\/product_brand?post=21571"},{"taxonomy":"product_cat","embeddable":true,"href":"https:\/\/www.caponecaccia.it\/en\/wp-json\/wp\/v2\/product_cat?post=21571"},{"taxonomy":"product_tag","embeddable":true,"href":"https:\/\/www.caponecaccia.it\/en\/wp-json\/wp\/v2\/product_tag?post=21571"}],"curies":[{"name":"wp","href":"https:\/\/api.w.org\/{rel}","templated":true}]}}