{"id":18073,"date":"2024-04-12T16:34:43","date_gmt":"2024-04-12T14:34:43","guid":{"rendered":"https:\/\/www.caponecaccia.it\/?post_type=product&#038;p=18073"},"modified":"2024-12-09T08:16:15","modified_gmt":"2024-12-09T06:16:15","slug":"scarpone-setter-beretta-goretex","status":"publish","type":"product","link":"https:\/\/www.caponecaccia.it\/en\/product\/scarpone-setter-beretta-goretex\/","title":{"rendered":"Scarpone SETTER BERETTA GORETEX"},"content":{"rendered":"","protected":false},"excerpt":{"rendered":"<p>Setter GTX \u00e8 uno scarpone studiato per la caccia attiva, realizzato in crosta e Cordura\u00ae, ideale per camminate medie-lunghe sia in collina sia su terreni misti.<br \/>\nProtezione in punta, al tallone e laterale in microfibra PU.<br \/>\nLa fodera GORE-TEX Prism garantisce impermeabilit\u00e0 e traspirabilit\u00e0 ulteriormente agevolata dall&#8217;interno in rete 3D.<br \/>\nLa suola Vibram\u00ae Nuasi fornisce comfort e stabilit\u00e0 su svariati terreni.<br \/>\nTecnicit\u00e0 e design contraddistinguono la linea di scarponi Beretta progettata per offrire massimo comfort e protezione su diversi tipi di terreno.<br \/>\nUna gamma di modelli con diverse combinazioni di materiali e tecnologie di suole Vibram\u00ae per un\u2019aderenza e una stabilit\u00e0 totale.<br \/>\nLe suole sono provviste di scanalature laterali<br \/>\nautopulenti, alette su punta e tallone per un maggiore grip sulle superfici rocciose. L\u2019intersuola antishock in poliuretano riduce lo stress delle articolazioni garantendo un elevato comfort di calzata e stabilit\u00e0.<br \/>\nLa membrana Gore-Tex offre impermeabilit\u00e0 e calore anche nelle condizioni pi\u00f9 estreme.<\/p>\n<p>Disponibile dal 40 al 46<\/p>","protected":false},"featured_media":18078,"comment_status":"open","ping_status":"closed","template":"","meta":{"om_disable_all_campaigns":false,"_monsterinsights_skip_tracking":false,"_monsterinsights_sitenote_active":false,"_monsterinsights_sitenote_note":"","_monsterinsights_sitenote_category":0,"_uf_show_specific_survey":0,"_uf_disable_surveys":false},"product_brand":[],"product_cat":[24],"product_tag":[],"class_list":{"0":"post-18073","1":"product","2":"type-product","3":"status-publish","4":"has-post-thumbnail","6":"product_cat-scarpe-e-stivali","8":"first","9":"instock","10":"sale","11":"taxable","12":"shipping-taxable","13":"purchasable","14":"product-type-variable"},"yoast_head":"<!-- This site is optimized with the Yoast SEO plugin v26.6 - https:\/\/yoast.com\/wordpress\/plugins\/seo\/ -->\n<title>Scarpone Armond Peralba Stark |Capone Caccia Abbigliamento<\/title>\n<meta name=\"robots\" content=\"index, follow, max-snippet:-1, max-image-preview:large, max-video-preview:-1\" \/>\n<link rel=\"canonical\" href=\"https:\/\/www.caponecaccia.it\/en\/product\/scarpone-setter-beretta-goretex\/\" \/>\n<meta property=\"og:locale\" content=\"en_GB\" \/>\n<meta property=\"og:type\" content=\"article\" \/>\n<meta property=\"og:title\" content=\"Scarpone Armond Peralba Stark |Capone Caccia Abbigliamento\" \/>\n<meta property=\"og:description\" content=\"Setter GTX \u00e8 uno scarpone studiato per la caccia attiva, realizzato in crosta e Cordura\u00ae, ideale per camminate medie-lunghe sia in collina sia su terreni misti. Protezione in punta, al tallone e laterale in microfibra PU. La fodera GORE-TEX Prism garantisce impermeabilit\u00e0 e traspirabilit\u00e0 ulteriormente agevolata dall&#039;interno in rete 3D. La suola Vibram\u00ae Nuasi fornisce comfort e stabilit\u00e0 su svariati terreni. Tecnicit\u00e0 e design contraddistinguono la linea di scarponi Beretta progettata per offrire massimo comfort e protezione su diversi tipi di terreno. Una gamma di modelli con diverse combinazioni di materiali e tecnologie di suole Vibram\u00ae per un\u2019aderenza e una stabilit\u00e0 totale. Le suole sono provviste di scanalature laterali autopulenti, alette su punta e tallone per un maggiore grip sulle superfici rocciose. L\u2019intersuola antishock in poliuretano riduce lo stress delle articolazioni garantendo un elevato comfort di calzata e stabilit\u00e0. La membrana Gore-Tex offre impermeabilit\u00e0 e calore anche nelle condizioni pi\u00f9 estreme.  Disponibile dal 40 al 46\" \/>\n<meta property=\"og:url\" content=\"https:\/\/www.caponecaccia.it\/en\/product\/scarpone-setter-beretta-goretex\/\" \/>\n<meta property=\"og:site_name\" content=\"Capone Caccia\" \/>\n<meta property=\"article:modified_time\" content=\"2024-12-09T06:16:15+00:00\" \/>\n<meta property=\"og:image\" content=\"https:\/\/www.caponecaccia.it\/wp-content\/uploads\/2024\/04\/3-1.png\" \/>\n\t<meta property=\"og:image:width\" content=\"1080\" \/>\n\t<meta property=\"og:image:height\" content=\"1080\" \/>\n\t<meta property=\"og:image:type\" content=\"image\/png\" \/>\n<meta name=\"twitter:card\" content=\"summary_large_image\" \/>\n<script type=\"application\/ld+json\" class=\"yoast-schema-graph\">{\"@context\":\"https:\/\/schema.org\",\"@graph\":[{\"@type\":\"WebPage\",\"@id\":\"https:\/\/www.caponecaccia.it\/prodotto\/scarpone-setter-beretta-goretex\/\",\"url\":\"https:\/\/www.caponecaccia.it\/prodotto\/scarpone-setter-beretta-goretex\/\",\"name\":\"Scarpone Armond Peralba Stark |Capone Caccia Abbigliamento\",\"isPartOf\":{\"@id\":\"https:\/\/www.caponecaccia.it\/#website\"},\"primaryImageOfPage\":{\"@id\":\"https:\/\/www.caponecaccia.it\/prodotto\/scarpone-setter-beretta-goretex\/#primaryimage\"},\"image\":{\"@id\":\"https:\/\/www.caponecaccia.it\/prodotto\/scarpone-setter-beretta-goretex\/#primaryimage\"},\"thumbnailUrl\":\"https:\/\/www.caponecaccia.it\/wp-content\/uploads\/2024\/04\/3-1.png\",\"datePublished\":\"2024-04-12T14:34:43+00:00\",\"dateModified\":\"2024-12-09T06:16:15+00:00\",\"breadcrumb\":{\"@id\":\"https:\/\/www.caponecaccia.it\/prodotto\/scarpone-setter-beretta-goretex\/#breadcrumb\"},\"inLanguage\":\"en-GB\",\"potentialAction\":[{\"@type\":\"ReadAction\",\"target\":[\"https:\/\/www.caponecaccia.it\/prodotto\/scarpone-setter-beretta-goretex\/\"]}]},{\"@type\":\"ImageObject\",\"inLanguage\":\"en-GB\",\"@id\":\"https:\/\/www.caponecaccia.it\/prodotto\/scarpone-setter-beretta-goretex\/#primaryimage\",\"url\":\"https:\/\/www.caponecaccia.it\/wp-content\/uploads\/2024\/04\/3-1.png\",\"contentUrl\":\"https:\/\/www.caponecaccia.it\/wp-content\/uploads\/2024\/04\/3-1.png\",\"width\":1080,\"height\":1080},{\"@type\":\"BreadcrumbList\",\"@id\":\"https:\/\/www.caponecaccia.it\/prodotto\/scarpone-setter-beretta-goretex\/#breadcrumb\",\"itemListElement\":[{\"@type\":\"ListItem\",\"position\":1,\"name\":\"Home\",\"item\":\"https:\/\/www.caponecaccia.it\/\"},{\"@type\":\"ListItem\",\"position\":2,\"name\":\"Shop\",\"item\":\"https:\/\/www.caponecaccia.it\/negozio\/\"},{\"@type\":\"ListItem\",\"position\":3,\"name\":\"Scarpone SETTER BERETTA GORETEX\"}]},{\"@type\":\"WebSite\",\"@id\":\"https:\/\/www.caponecaccia.it\/#website\",\"url\":\"https:\/\/www.caponecaccia.it\/\",\"name\":\"Capone Caccia\",\"description\":\"\",\"publisher\":{\"@id\":\"https:\/\/www.caponecaccia.it\/#organization\"},\"potentialAction\":[{\"@type\":\"SearchAction\",\"target\":{\"@type\":\"EntryPoint\",\"urlTemplate\":\"https:\/\/www.caponecaccia.it\/?s={search_term_string}\"},\"query-input\":{\"@type\":\"PropertyValueSpecification\",\"valueRequired\":true,\"valueName\":\"search_term_string\"}}],\"inLanguage\":\"en-GB\"},{\"@type\":\"Organization\",\"@id\":\"https:\/\/www.caponecaccia.it\/#organization\",\"name\":\"Capone Caccia\",\"url\":\"https:\/\/www.caponecaccia.it\/\",\"logo\":{\"@type\":\"ImageObject\",\"inLanguage\":\"en-GB\",\"@id\":\"https:\/\/www.caponecaccia.it\/#\/schema\/logo\/image\/\",\"url\":\"https:\/\/www.caponecaccia.it\/wp-content\/uploads\/2019\/04\/logo2.png\",\"contentUrl\":\"https:\/\/www.caponecaccia.it\/wp-content\/uploads\/2019\/04\/logo2.png\",\"width\":100,\"height\":100,\"caption\":\"Capone Caccia\"},\"image\":{\"@id\":\"https:\/\/www.caponecaccia.it\/#\/schema\/logo\/image\/\"}}]}<\/script>\n<!-- \/ Yoast SEO plugin. -->","yoast_head_json":{"title":"Scarpone Armond Peralba Stark |Capone Caccia Abbigliamento","robots":{"index":"index","follow":"follow","max-snippet":"max-snippet:-1","max-image-preview":"max-image-preview:large","max-video-preview":"max-video-preview:-1"},"canonical":"https:\/\/www.caponecaccia.it\/en\/product\/scarpone-setter-beretta-goretex\/","og_locale":"en_GB","og_type":"article","og_title":"Scarpone Armond Peralba Stark |Capone Caccia Abbigliamento","og_description":"Setter GTX \u00e8 uno scarpone studiato per la caccia attiva, realizzato in crosta e Cordura\u00ae, ideale per camminate medie-lunghe sia in collina sia su terreni misti. Protezione in punta, al tallone e laterale in microfibra PU. La fodera GORE-TEX Prism garantisce impermeabilit\u00e0 e traspirabilit\u00e0 ulteriormente agevolata dall'interno in rete 3D. La suola Vibram\u00ae Nuasi fornisce comfort e stabilit\u00e0 su svariati terreni. Tecnicit\u00e0 e design contraddistinguono la linea di scarponi Beretta progettata per offrire massimo comfort e protezione su diversi tipi di terreno. Una gamma di modelli con diverse combinazioni di materiali e tecnologie di suole Vibram\u00ae per un\u2019aderenza e una stabilit\u00e0 totale. Le suole sono provviste di scanalature laterali autopulenti, alette su punta e tallone per un maggiore grip sulle superfici rocciose. L\u2019intersuola antishock in poliuretano riduce lo stress delle articolazioni garantendo un elevato comfort di calzata e stabilit\u00e0. La membrana Gore-Tex offre impermeabilit\u00e0 e calore anche nelle condizioni pi\u00f9 estreme.  Disponibile dal 40 al 46","og_url":"https:\/\/www.caponecaccia.it\/en\/product\/scarpone-setter-beretta-goretex\/","og_site_name":"Capone Caccia","article_modified_time":"2024-12-09T06:16:15+00:00","og_image":[{"width":1080,"height":1080,"url":"https:\/\/www.caponecaccia.it\/wp-content\/uploads\/2024\/04\/3-1.png","type":"image\/png"}],"twitter_card":"summary_large_image","schema":{"@context":"https:\/\/schema.org","@graph":[{"@type":"WebPage","@id":"https:\/\/www.caponecaccia.it\/prodotto\/scarpone-setter-beretta-goretex\/","url":"https:\/\/www.caponecaccia.it\/prodotto\/scarpone-setter-beretta-goretex\/","name":"Scarpone Armond Peralba Stark |Capone Caccia Abbigliamento","isPartOf":{"@id":"https:\/\/www.caponecaccia.it\/#website"},"primaryImageOfPage":{"@id":"https:\/\/www.caponecaccia.it\/prodotto\/scarpone-setter-beretta-goretex\/#primaryimage"},"image":{"@id":"https:\/\/www.caponecaccia.it\/prodotto\/scarpone-setter-beretta-goretex\/#primaryimage"},"thumbnailUrl":"https:\/\/www.caponecaccia.it\/wp-content\/uploads\/2024\/04\/3-1.png","datePublished":"2024-04-12T14:34:43+00:00","dateModified":"2024-12-09T06:16:15+00:00","breadcrumb":{"@id":"https:\/\/www.caponecaccia.it\/prodotto\/scarpone-setter-beretta-goretex\/#breadcrumb"},"inLanguage":"en-GB","potentialAction":[{"@type":"ReadAction","target":["https:\/\/www.caponecaccia.it\/prodotto\/scarpone-setter-beretta-goretex\/"]}]},{"@type":"ImageObject","inLanguage":"en-GB","@id":"https:\/\/www.caponecaccia.it\/prodotto\/scarpone-setter-beretta-goretex\/#primaryimage","url":"https:\/\/www.caponecaccia.it\/wp-content\/uploads\/2024\/04\/3-1.png","contentUrl":"https:\/\/www.caponecaccia.it\/wp-content\/uploads\/2024\/04\/3-1.png","width":1080,"height":1080},{"@type":"BreadcrumbList","@id":"https:\/\/www.caponecaccia.it\/prodotto\/scarpone-setter-beretta-goretex\/#breadcrumb","itemListElement":[{"@type":"ListItem","position":1,"name":"Home","item":"https:\/\/www.caponecaccia.it\/"},{"@type":"ListItem","position":2,"name":"Shop","item":"https:\/\/www.caponecaccia.it\/negozio\/"},{"@type":"ListItem","position":3,"name":"Scarpone SETTER BERETTA GORETEX"}]},{"@type":"WebSite","@id":"https:\/\/www.caponecaccia.it\/#website","url":"https:\/\/www.caponecaccia.it\/","name":"Capone Hunt","description":"","publisher":{"@id":"https:\/\/www.caponecaccia.it\/#organization"},"potentialAction":[{"@type":"SearchAction","target":{"@type":"EntryPoint","urlTemplate":"https:\/\/www.caponecaccia.it\/?s={search_term_string}"},"query-input":{"@type":"PropertyValueSpecification","valueRequired":true,"valueName":"search_term_string"}}],"inLanguage":"en-GB"},{"@type":"Organization","@id":"https:\/\/www.caponecaccia.it\/#organization","name":"Capone Hunt","url":"https:\/\/www.caponecaccia.it\/","logo":{"@type":"ImageObject","inLanguage":"en-GB","@id":"https:\/\/www.caponecaccia.it\/#\/schema\/logo\/image\/","url":"https:\/\/www.caponecaccia.it\/wp-content\/uploads\/2019\/04\/logo2.png","contentUrl":"https:\/\/www.caponecaccia.it\/wp-content\/uploads\/2019\/04\/logo2.png","width":100,"height":100,"caption":"Capone Caccia"},"image":{"@id":"https:\/\/www.caponecaccia.it\/#\/schema\/logo\/image\/"}}]}},"_links":{"self":[{"href":"https:\/\/www.caponecaccia.it\/en\/wp-json\/wp\/v2\/product\/18073","targetHints":{"allow":["GET"]}}],"collection":[{"href":"https:\/\/www.caponecaccia.it\/en\/wp-json\/wp\/v2\/product"}],"about":[{"href":"https:\/\/www.caponecaccia.it\/en\/wp-json\/wp\/v2\/types\/product"}],"replies":[{"embeddable":true,"href":"https:\/\/www.caponecaccia.it\/en\/wp-json\/wp\/v2\/comments?post=18073"}],"wp:featuredmedia":[{"embeddable":true,"href":"https:\/\/www.caponecaccia.it\/en\/wp-json\/wp\/v2\/media\/18078"}],"wp:attachment":[{"href":"https:\/\/www.caponecaccia.it\/en\/wp-json\/wp\/v2\/media?parent=18073"}],"wp:term":[{"taxonomy":"product_brand","embeddable":true,"href":"https:\/\/www.caponecaccia.it\/en\/wp-json\/wp\/v2\/product_brand?post=18073"},{"taxonomy":"product_cat","embeddable":true,"href":"https:\/\/www.caponecaccia.it\/en\/wp-json\/wp\/v2\/product_cat?post=18073"},{"taxonomy":"product_tag","embeddable":true,"href":"https:\/\/www.caponecaccia.it\/en\/wp-json\/wp\/v2\/product_tag?post=18073"}],"curies":[{"name":"wp","href":"https:\/\/api.w.org\/{rel}","templated":true}]}}