{"id":18062,"date":"2024-04-12T16:19:50","date_gmt":"2024-04-12T14:19:50","guid":{"rendered":"https:\/\/www.caponecaccia.it\/?post_type=product&#038;p=18062"},"modified":"2026-03-09T11:46:43","modified_gmt":"2026-03-09T09:46:43","slug":"scarpone-crispi-futura-gtx","status":"publish","type":"product","link":"https:\/\/www.caponecaccia.it\/en\/product\/scarpone-crispi-futura-gtx\/","title":{"rendered":"Scarpone CRISPI FUTURA GTX"},"content":{"rendered":"","protected":false},"excerpt":{"rendered":"<p>rappresenta la nuova dimensione della caccia, in termini di stabilit\u00e0 e dinamismo, grazie alla fusione di un avvolgimento anatomico e preciso della tomaia, con una suola 4X4, data dall\u2019innovativa intersuola EFX combinata con il battistrada Vibram\u00ae Megagrip.<\/p>\n<p>La leggerezza e l\u2019agilit\u00e0 di camminata si uniscono quindi alla stabilit\u00e0 e controllo, indispensabili per affrontare al meglio i terreni pi\u00f9 difficoltosi.<\/p>\n<p>LEGGEREZZA E AGILITA\u2019. 690 gr di leggerezza, in una calzatura precisa e flessibile, che offre la massima agilit\u00e0 di camminata. Il collarino in soffice pelle pieno fiore e tessuto ad alta resistenza all\u2019abrasione, offrono la massima protezione ed un avvolgimento anatomico della caviglia.<\/p>\n<p>PRECISA E AVVOLGENTE. Il sistema di allacciatura asimmetrico permette un avvolgimento del piede preciso e anatomico per affrontare al meglio i terreni tecnici e difficili.<\/p>\n<p>GRIP EFX PERFORMANCE. L\u2019innovativa intersuola Crispi\u00ae EFX, combinata con la suola Vibram\u00ae Megagrip, offre una flessione pi\u00f9 efficace e progressiva, una camminata pi\u00f9 stabile, migliora la postura del corpo, garantendo un\u2019elevata ammortizzazione ed un comfort duraturo.<\/p>\n<p>Technical Features<\/p>\n<p>Tomaia: Nabuk idrorepellente, con collarino anatomico in pelle pieno fiore e tessuto High Resistance Tech<\/p>\n<p>GORE-TEX\u00ae Footwear Product<\/p>\n<p>Sottopiede: Struttura differenziata<\/p>\n<p>Soletta estraibile: CRISPI\u00ae Air Mesh + Feltro + Carboni Attivi. Ottima traspirabilit\u00e0 ed azione antisudore-antiodore grazie alla costruzione CRISPI\u00ae 3D<\/p>\n<p>Protezione: Bordo cucito<\/p>\n<p>Suola: Vibram\u00ae Megagrip, con intersuola EFX System<\/p>\n<p>Disponibile dal 39 al 47<\/p>","protected":false},"featured_media":18064,"comment_status":"open","ping_status":"closed","template":"","meta":{"om_disable_all_campaigns":false,"_monsterinsights_skip_tracking":false,"_monsterinsights_sitenote_active":false,"_monsterinsights_sitenote_note":"","_monsterinsights_sitenote_category":0,"_uf_show_specific_survey":0,"_uf_disable_surveys":false},"product_brand":[],"product_cat":[24],"product_tag":[],"class_list":{"0":"post-18062","1":"product","2":"type-product","3":"status-publish","4":"has-post-thumbnail","6":"product_cat-scarpe-e-stivali","8":"first","9":"instock","10":"sale","11":"taxable","12":"shipping-taxable","13":"purchasable","14":"product-type-variable"},"yoast_head":"<!-- This site is optimized with the Yoast SEO plugin v26.6 - https:\/\/yoast.com\/wordpress\/plugins\/seo\/ -->\n<title>Scarpone Armond Peralba Stark |Capone Caccia Abbigliamento<\/title>\n<meta name=\"robots\" content=\"index, follow, max-snippet:-1, max-image-preview:large, max-video-preview:-1\" \/>\n<link rel=\"canonical\" href=\"https:\/\/www.caponecaccia.it\/en\/product\/scarpone-crispi-futura-gtx\/\" \/>\n<meta property=\"og:locale\" content=\"en_GB\" \/>\n<meta property=\"og:type\" content=\"article\" \/>\n<meta property=\"og:title\" content=\"Scarpone Armond Peralba Stark |Capone Caccia Abbigliamento\" \/>\n<meta property=\"og:description\" content=\"rappresenta la nuova dimensione della caccia, in termini di stabilit\u00e0 e dinamismo, grazie alla fusione di un avvolgimento anatomico e preciso della tomaia, con una suola 4X4, data dall\u2019innovativa intersuola EFX combinata con il battistrada Vibram\u00ae Megagrip.  La leggerezza e l\u2019agilit\u00e0 di camminata si uniscono quindi alla stabilit\u00e0 e controllo, indispensabili per affrontare al meglio i terreni pi\u00f9 difficoltosi.  LEGGEREZZA E AGILITA\u2019. 690 gr di leggerezza, in una calzatura precisa e flessibile, che offre la massima agilit\u00e0 di camminata. Il collarino in soffice pelle pieno fiore e tessuto ad alta resistenza all\u2019abrasione, offrono la massima protezione ed un avvolgimento anatomico della caviglia.  PRECISA E AVVOLGENTE. Il sistema di allacciatura asimmetrico permette un avvolgimento del piede preciso e anatomico per affrontare al meglio i terreni tecnici e difficili.  GRIP EFX PERFORMANCE. L\u2019innovativa intersuola Crispi\u00ae EFX, combinata con la suola Vibram\u00ae Megagrip, offre una flessione pi\u00f9 efficace e progressiva, una camminata pi\u00f9 stabile, migliora la postura del corpo, garantendo un\u2019elevata ammortizzazione ed un comfort duraturo.  Technical Features  Tomaia: Nabuk idrorepellente, con collarino anatomico in pelle pieno fiore e tessuto High Resistance Tech  GORE-TEX\u00ae Footwear Product  Sottopiede: Struttura differenziata  Soletta estraibile: CRISPI\u00ae Air Mesh + Feltro + Carboni Attivi. Ottima traspirabilit\u00e0 ed azione antisudore-antiodore grazie alla costruzione CRISPI\u00ae 3D  Protezione: Bordo cucito  Suola: Vibram\u00ae Megagrip, con intersuola EFX System  Disponibile dal 39 al 47\" \/>\n<meta property=\"og:url\" content=\"https:\/\/www.caponecaccia.it\/en\/product\/scarpone-crispi-futura-gtx\/\" \/>\n<meta property=\"og:site_name\" content=\"Capone Caccia\" \/>\n<meta property=\"article:modified_time\" content=\"2026-03-09T09:46:43+00:00\" \/>\n<meta property=\"og:image\" content=\"https:\/\/www.caponecaccia.it\/wp-content\/uploads\/2024\/04\/1.png\" \/>\n\t<meta property=\"og:image:width\" content=\"1080\" \/>\n\t<meta property=\"og:image:height\" content=\"1080\" \/>\n\t<meta property=\"og:image:type\" content=\"image\/png\" \/>\n<meta name=\"twitter:card\" content=\"summary_large_image\" \/>\n<meta name=\"twitter:label1\" content=\"Estimated reading time\" \/>\n\t<meta name=\"twitter:data1\" content=\"1 minute\" \/>\n<script type=\"application\/ld+json\" class=\"yoast-schema-graph\">{\"@context\":\"https:\/\/schema.org\",\"@graph\":[{\"@type\":\"WebPage\",\"@id\":\"https:\/\/www.caponecaccia.it\/prodotto\/scarpone-crispi-futura-gtx\/\",\"url\":\"https:\/\/www.caponecaccia.it\/prodotto\/scarpone-crispi-futura-gtx\/\",\"name\":\"Scarpone Armond Peralba Stark |Capone Caccia Abbigliamento\",\"isPartOf\":{\"@id\":\"https:\/\/www.caponecaccia.it\/#website\"},\"primaryImageOfPage\":{\"@id\":\"https:\/\/www.caponecaccia.it\/prodotto\/scarpone-crispi-futura-gtx\/#primaryimage\"},\"image\":{\"@id\":\"https:\/\/www.caponecaccia.it\/prodotto\/scarpone-crispi-futura-gtx\/#primaryimage\"},\"thumbnailUrl\":\"https:\/\/www.caponecaccia.it\/wp-content\/uploads\/2024\/04\/1.png\",\"datePublished\":\"2024-04-12T14:19:50+00:00\",\"dateModified\":\"2026-03-09T09:46:43+00:00\",\"breadcrumb\":{\"@id\":\"https:\/\/www.caponecaccia.it\/prodotto\/scarpone-crispi-futura-gtx\/#breadcrumb\"},\"inLanguage\":\"en-GB\",\"potentialAction\":[{\"@type\":\"ReadAction\",\"target\":[\"https:\/\/www.caponecaccia.it\/prodotto\/scarpone-crispi-futura-gtx\/\"]}]},{\"@type\":\"ImageObject\",\"inLanguage\":\"en-GB\",\"@id\":\"https:\/\/www.caponecaccia.it\/prodotto\/scarpone-crispi-futura-gtx\/#primaryimage\",\"url\":\"https:\/\/www.caponecaccia.it\/wp-content\/uploads\/2024\/04\/1.png\",\"contentUrl\":\"https:\/\/www.caponecaccia.it\/wp-content\/uploads\/2024\/04\/1.png\",\"width\":1080,\"height\":1080},{\"@type\":\"BreadcrumbList\",\"@id\":\"https:\/\/www.caponecaccia.it\/prodotto\/scarpone-crispi-futura-gtx\/#breadcrumb\",\"itemListElement\":[{\"@type\":\"ListItem\",\"position\":1,\"name\":\"Home\",\"item\":\"https:\/\/www.caponecaccia.it\/\"},{\"@type\":\"ListItem\",\"position\":2,\"name\":\"Shop\",\"item\":\"https:\/\/www.caponecaccia.it\/negozio\/\"},{\"@type\":\"ListItem\",\"position\":3,\"name\":\"Scarpone CRISPI FUTURA GTX\"}]},{\"@type\":\"WebSite\",\"@id\":\"https:\/\/www.caponecaccia.it\/#website\",\"url\":\"https:\/\/www.caponecaccia.it\/\",\"name\":\"Capone Caccia\",\"description\":\"\",\"publisher\":{\"@id\":\"https:\/\/www.caponecaccia.it\/#organization\"},\"potentialAction\":[{\"@type\":\"SearchAction\",\"target\":{\"@type\":\"EntryPoint\",\"urlTemplate\":\"https:\/\/www.caponecaccia.it\/?s={search_term_string}\"},\"query-input\":{\"@type\":\"PropertyValueSpecification\",\"valueRequired\":true,\"valueName\":\"search_term_string\"}}],\"inLanguage\":\"en-GB\"},{\"@type\":\"Organization\",\"@id\":\"https:\/\/www.caponecaccia.it\/#organization\",\"name\":\"Capone Caccia\",\"url\":\"https:\/\/www.caponecaccia.it\/\",\"logo\":{\"@type\":\"ImageObject\",\"inLanguage\":\"en-GB\",\"@id\":\"https:\/\/www.caponecaccia.it\/#\/schema\/logo\/image\/\",\"url\":\"https:\/\/www.caponecaccia.it\/wp-content\/uploads\/2019\/04\/logo2.png\",\"contentUrl\":\"https:\/\/www.caponecaccia.it\/wp-content\/uploads\/2019\/04\/logo2.png\",\"width\":100,\"height\":100,\"caption\":\"Capone Caccia\"},\"image\":{\"@id\":\"https:\/\/www.caponecaccia.it\/#\/schema\/logo\/image\/\"}}]}<\/script>\n<!-- \/ Yoast SEO plugin. -->","yoast_head_json":{"title":"Scarpone Armond Peralba Stark |Capone Caccia Abbigliamento","robots":{"index":"index","follow":"follow","max-snippet":"max-snippet:-1","max-image-preview":"max-image-preview:large","max-video-preview":"max-video-preview:-1"},"canonical":"https:\/\/www.caponecaccia.it\/en\/product\/scarpone-crispi-futura-gtx\/","og_locale":"en_GB","og_type":"article","og_title":"Scarpone Armond Peralba Stark |Capone Caccia Abbigliamento","og_description":"rappresenta la nuova dimensione della caccia, in termini di stabilit\u00e0 e dinamismo, grazie alla fusione di un avvolgimento anatomico e preciso della tomaia, con una suola 4X4, data dall\u2019innovativa intersuola EFX combinata con il battistrada Vibram\u00ae Megagrip.  La leggerezza e l\u2019agilit\u00e0 di camminata si uniscono quindi alla stabilit\u00e0 e controllo, indispensabili per affrontare al meglio i terreni pi\u00f9 difficoltosi.  LEGGEREZZA E AGILITA\u2019. 690 gr di leggerezza, in una calzatura precisa e flessibile, che offre la massima agilit\u00e0 di camminata. Il collarino in soffice pelle pieno fiore e tessuto ad alta resistenza all\u2019abrasione, offrono la massima protezione ed un avvolgimento anatomico della caviglia.  PRECISA E AVVOLGENTE. Il sistema di allacciatura asimmetrico permette un avvolgimento del piede preciso e anatomico per affrontare al meglio i terreni tecnici e difficili.  GRIP EFX PERFORMANCE. L\u2019innovativa intersuola Crispi\u00ae EFX, combinata con la suola Vibram\u00ae Megagrip, offre una flessione pi\u00f9 efficace e progressiva, una camminata pi\u00f9 stabile, migliora la postura del corpo, garantendo un\u2019elevata ammortizzazione ed un comfort duraturo.  Technical Features  Tomaia: Nabuk idrorepellente, con collarino anatomico in pelle pieno fiore e tessuto High Resistance Tech  GORE-TEX\u00ae Footwear Product  Sottopiede: Struttura differenziata  Soletta estraibile: CRISPI\u00ae Air Mesh + Feltro + Carboni Attivi. Ottima traspirabilit\u00e0 ed azione antisudore-antiodore grazie alla costruzione CRISPI\u00ae 3D  Protezione: Bordo cucito  Suola: Vibram\u00ae Megagrip, con intersuola EFX System  Disponibile dal 39 al 47","og_url":"https:\/\/www.caponecaccia.it\/en\/product\/scarpone-crispi-futura-gtx\/","og_site_name":"Capone Caccia","article_modified_time":"2026-03-09T09:46:43+00:00","og_image":[{"width":1080,"height":1080,"url":"https:\/\/www.caponecaccia.it\/wp-content\/uploads\/2024\/04\/1.png","type":"image\/png"}],"twitter_card":"summary_large_image","twitter_misc":{"Estimated reading time":"1 minute"},"schema":{"@context":"https:\/\/schema.org","@graph":[{"@type":"WebPage","@id":"https:\/\/www.caponecaccia.it\/prodotto\/scarpone-crispi-futura-gtx\/","url":"https:\/\/www.caponecaccia.it\/prodotto\/scarpone-crispi-futura-gtx\/","name":"Scarpone Armond Peralba Stark |Capone Caccia Abbigliamento","isPartOf":{"@id":"https:\/\/www.caponecaccia.it\/#website"},"primaryImageOfPage":{"@id":"https:\/\/www.caponecaccia.it\/prodotto\/scarpone-crispi-futura-gtx\/#primaryimage"},"image":{"@id":"https:\/\/www.caponecaccia.it\/prodotto\/scarpone-crispi-futura-gtx\/#primaryimage"},"thumbnailUrl":"https:\/\/www.caponecaccia.it\/wp-content\/uploads\/2024\/04\/1.png","datePublished":"2024-04-12T14:19:50+00:00","dateModified":"2026-03-09T09:46:43+00:00","breadcrumb":{"@id":"https:\/\/www.caponecaccia.it\/prodotto\/scarpone-crispi-futura-gtx\/#breadcrumb"},"inLanguage":"en-GB","potentialAction":[{"@type":"ReadAction","target":["https:\/\/www.caponecaccia.it\/prodotto\/scarpone-crispi-futura-gtx\/"]}]},{"@type":"ImageObject","inLanguage":"en-GB","@id":"https:\/\/www.caponecaccia.it\/prodotto\/scarpone-crispi-futura-gtx\/#primaryimage","url":"https:\/\/www.caponecaccia.it\/wp-content\/uploads\/2024\/04\/1.png","contentUrl":"https:\/\/www.caponecaccia.it\/wp-content\/uploads\/2024\/04\/1.png","width":1080,"height":1080},{"@type":"BreadcrumbList","@id":"https:\/\/www.caponecaccia.it\/prodotto\/scarpone-crispi-futura-gtx\/#breadcrumb","itemListElement":[{"@type":"ListItem","position":1,"name":"Home","item":"https:\/\/www.caponecaccia.it\/"},{"@type":"ListItem","position":2,"name":"Shop","item":"https:\/\/www.caponecaccia.it\/negozio\/"},{"@type":"ListItem","position":3,"name":"Scarpone CRISPI FUTURA GTX"}]},{"@type":"WebSite","@id":"https:\/\/www.caponecaccia.it\/#website","url":"https:\/\/www.caponecaccia.it\/","name":"Capone Hunt","description":"","publisher":{"@id":"https:\/\/www.caponecaccia.it\/#organization"},"potentialAction":[{"@type":"SearchAction","target":{"@type":"EntryPoint","urlTemplate":"https:\/\/www.caponecaccia.it\/?s={search_term_string}"},"query-input":{"@type":"PropertyValueSpecification","valueRequired":true,"valueName":"search_term_string"}}],"inLanguage":"en-GB"},{"@type":"Organization","@id":"https:\/\/www.caponecaccia.it\/#organization","name":"Capone Hunt","url":"https:\/\/www.caponecaccia.it\/","logo":{"@type":"ImageObject","inLanguage":"en-GB","@id":"https:\/\/www.caponecaccia.it\/#\/schema\/logo\/image\/","url":"https:\/\/www.caponecaccia.it\/wp-content\/uploads\/2019\/04\/logo2.png","contentUrl":"https:\/\/www.caponecaccia.it\/wp-content\/uploads\/2019\/04\/logo2.png","width":100,"height":100,"caption":"Capone Caccia"},"image":{"@id":"https:\/\/www.caponecaccia.it\/#\/schema\/logo\/image\/"}}]}},"_links":{"self":[{"href":"https:\/\/www.caponecaccia.it\/en\/wp-json\/wp\/v2\/product\/18062","targetHints":{"allow":["GET"]}}],"collection":[{"href":"https:\/\/www.caponecaccia.it\/en\/wp-json\/wp\/v2\/product"}],"about":[{"href":"https:\/\/www.caponecaccia.it\/en\/wp-json\/wp\/v2\/types\/product"}],"replies":[{"embeddable":true,"href":"https:\/\/www.caponecaccia.it\/en\/wp-json\/wp\/v2\/comments?post=18062"}],"wp:featuredmedia":[{"embeddable":true,"href":"https:\/\/www.caponecaccia.it\/en\/wp-json\/wp\/v2\/media\/18064"}],"wp:attachment":[{"href":"https:\/\/www.caponecaccia.it\/en\/wp-json\/wp\/v2\/media?parent=18062"}],"wp:term":[{"taxonomy":"product_brand","embeddable":true,"href":"https:\/\/www.caponecaccia.it\/en\/wp-json\/wp\/v2\/product_brand?post=18062"},{"taxonomy":"product_cat","embeddable":true,"href":"https:\/\/www.caponecaccia.it\/en\/wp-json\/wp\/v2\/product_cat?post=18062"},{"taxonomy":"product_tag","embeddable":true,"href":"https:\/\/www.caponecaccia.it\/en\/wp-json\/wp\/v2\/product_tag?post=18062"}],"curies":[{"name":"wp","href":"https:\/\/api.w.org\/{rel}","templated":true}]}}