{"id":468,"date":"2018-06-04T12:13:14","date_gmt":"2018-06-04T10:13:14","guid":{"rendered":"http:\/\/localhost:8888\/clubunescobaronissi\/?page_id=468"},"modified":"2021-12-16T16:34:53","modified_gmt":"2021-12-16T14:34:53","slug":"chi-siamo","status":"publish","type":"page","link":"https:\/\/www.caponecaccia.it\/en\/chi-siamo\/","title":{"rendered":"About Us"},"content":{"rendered":"<p>Capone Caccia \u00e8 un\u2019azienda a conduzione familiare nata negli anni \u201950. Costantino Capone, fondatore dell\u2019azienda, segu\u00ec l\u2019esempio dei suoi nonni che, gi\u00e0 a inizio secolo, vendevano abbigliamento nei mercati locali. Lui riusc\u00ec a specializzarsi ancora di pi\u00f9 e part\u00ec con dedizione e tenacia alla scoperta di un settore in rinascita in quegli anni: la caccia. I suoi primi contatti, gli permisero di entrare all\u2019interno di importanti fiere di settore e, dunque, di farsi spazio tra i grandi nomi del panorama nazionale. La passione per questo lavoro, \u00e8 stata tramandata al figlio Ernesto che, seguendo le orme del padre ma aiutato da spiccate capacit\u00e0 imprenditoriali e una visione molto ampia del mercato, \u00e8 riuscito a far crescere l\u2019azienda al punto da sviluppare un progetto di vendita non solo all\u2019interno di fiere ed eventi di portata nazionale, ma anche online e, addirittura, alla realizzazione di una propria linea di abbigliamento per la caccia.<\/p>","protected":false},"excerpt":{"rendered":"<p>Capone Caccia \u00e8 un\u2019azienda a conduzione familiare nata negli anni \u201950. Costantino Capone, fondatore dell\u2019azienda, segu\u00ec l\u2019esempio dei suoi nonni che, gi\u00e0 a inizio secolo, vendevano abbigliamento nei mercati locali. Lui riusc\u00ec a specializzarsi ancora di pi\u00f9 e part\u00ec con dedizione e tenacia alla scoperta di un settore in rinascita in quegli anni: la caccia. [&hellip;]<\/p>\n","protected":false},"author":3,"featured_media":0,"parent":0,"menu_order":0,"comment_status":"closed","ping_status":"closed","template":"","meta":{"om_disable_all_campaigns":false,"_monsterinsights_skip_tracking":false,"_monsterinsights_sitenote_active":false,"_monsterinsights_sitenote_note":"","_monsterinsights_sitenote_category":0,"_uf_show_specific_survey":0,"_uf_disable_surveys":false,"footnotes":""},"class_list":["post-468","page","type-page","status-publish","hentry"],"yoast_head":"<!-- This site is optimized with the Yoast SEO plugin v26.6 - https:\/\/yoast.com\/wordpress\/plugins\/seo\/ -->\n<title>Chi siamo |Capone Caccia - abbigliamento tecnico per la caccia<\/title>\n<meta name=\"description\" content=\"Capone Caccia \u00e8 uno shop online dedicato alla vendita di abbigliamento tecnico per la caccia. Pantaloni, giacche, gilet, scarpe e molto altro.\" \/>\n<meta name=\"robots\" content=\"index, follow, max-snippet:-1, max-image-preview:large, max-video-preview:-1\" \/>\n<link rel=\"canonical\" href=\"https:\/\/www.caponecaccia.it\/en\/chi-siamo\/\" \/>\n<meta property=\"og:locale\" content=\"en_GB\" \/>\n<meta property=\"og:type\" content=\"article\" \/>\n<meta property=\"og:title\" content=\"Chi siamo |Capone Caccia - abbigliamento tecnico per la caccia\" \/>\n<meta property=\"og:description\" content=\"Capone Caccia \u00e8 uno shop online dedicato alla vendita di abbigliamento tecnico per la caccia. Pantaloni, giacche, gilet, scarpe e molto altro.\" \/>\n<meta property=\"og:url\" content=\"https:\/\/www.caponecaccia.it\/en\/chi-siamo\/\" \/>\n<meta property=\"og:site_name\" content=\"Capone Caccia\" \/>\n<meta property=\"article:modified_time\" content=\"2021-12-16T14:34:53+00:00\" \/>\n<meta name=\"twitter:card\" content=\"summary_large_image\" \/>\n<meta name=\"twitter:label1\" content=\"Estimated reading time\" \/>\n\t<meta name=\"twitter:data1\" content=\"1 minute\" \/>\n<script type=\"application\/ld+json\" class=\"yoast-schema-graph\">{\"@context\":\"https:\/\/schema.org\",\"@graph\":[{\"@type\":\"WebPage\",\"@id\":\"https:\/\/www.caponecaccia.it\/chi-siamo\/\",\"url\":\"https:\/\/www.caponecaccia.it\/chi-siamo\/\",\"name\":\"Chi siamo |Capone Caccia - abbigliamento tecnico per la caccia\",\"isPartOf\":{\"@id\":\"https:\/\/www.caponecaccia.it\/#website\"},\"datePublished\":\"2018-06-04T10:13:14+00:00\",\"dateModified\":\"2021-12-16T14:34:53+00:00\",\"description\":\"Capone Caccia \u00e8 uno shop online dedicato alla vendita di abbigliamento tecnico per la caccia. Pantaloni, giacche, gilet, scarpe e molto altro.\",\"breadcrumb\":{\"@id\":\"https:\/\/www.caponecaccia.it\/chi-siamo\/#breadcrumb\"},\"inLanguage\":\"en-GB\",\"potentialAction\":[{\"@type\":\"ReadAction\",\"target\":[\"https:\/\/www.caponecaccia.it\/chi-siamo\/\"]}]},{\"@type\":\"BreadcrumbList\",\"@id\":\"https:\/\/www.caponecaccia.it\/chi-siamo\/#breadcrumb\",\"itemListElement\":[{\"@type\":\"ListItem\",\"position\":1,\"name\":\"Home\",\"item\":\"https:\/\/www.caponecaccia.it\/\"},{\"@type\":\"ListItem\",\"position\":2,\"name\":\"Chi Siamo\"}]},{\"@type\":\"WebSite\",\"@id\":\"https:\/\/www.caponecaccia.it\/#website\",\"url\":\"https:\/\/www.caponecaccia.it\/\",\"name\":\"Capone Caccia\",\"description\":\"\",\"publisher\":{\"@id\":\"https:\/\/www.caponecaccia.it\/#organization\"},\"potentialAction\":[{\"@type\":\"SearchAction\",\"target\":{\"@type\":\"EntryPoint\",\"urlTemplate\":\"https:\/\/www.caponecaccia.it\/?s={search_term_string}\"},\"query-input\":{\"@type\":\"PropertyValueSpecification\",\"valueRequired\":true,\"valueName\":\"search_term_string\"}}],\"inLanguage\":\"en-GB\"},{\"@type\":\"Organization\",\"@id\":\"https:\/\/www.caponecaccia.it\/#organization\",\"name\":\"Capone Caccia\",\"url\":\"https:\/\/www.caponecaccia.it\/\",\"logo\":{\"@type\":\"ImageObject\",\"inLanguage\":\"en-GB\",\"@id\":\"https:\/\/www.caponecaccia.it\/#\/schema\/logo\/image\/\",\"url\":\"https:\/\/www.caponecaccia.it\/wp-content\/uploads\/2019\/04\/logo2.png\",\"contentUrl\":\"https:\/\/www.caponecaccia.it\/wp-content\/uploads\/2019\/04\/logo2.png\",\"width\":100,\"height\":100,\"caption\":\"Capone Caccia\"},\"image\":{\"@id\":\"https:\/\/www.caponecaccia.it\/#\/schema\/logo\/image\/\"}}]}<\/script>\n<!-- \/ Yoast SEO plugin. -->","yoast_head_json":{"title":"Chi siamo |Capone Caccia - abbigliamento tecnico per la caccia","description":"Capone Caccia \u00e8 uno shop online dedicato alla vendita di abbigliamento tecnico per la caccia. Pantaloni, giacche, gilet, scarpe e molto altro.","robots":{"index":"index","follow":"follow","max-snippet":"max-snippet:-1","max-image-preview":"max-image-preview:large","max-video-preview":"max-video-preview:-1"},"canonical":"https:\/\/www.caponecaccia.it\/en\/chi-siamo\/","og_locale":"en_GB","og_type":"article","og_title":"Chi siamo |Capone Caccia - abbigliamento tecnico per la caccia","og_description":"Capone Caccia \u00e8 uno shop online dedicato alla vendita di abbigliamento tecnico per la caccia. Pantaloni, giacche, gilet, scarpe e molto altro.","og_url":"https:\/\/www.caponecaccia.it\/en\/chi-siamo\/","og_site_name":"Capone Caccia","article_modified_time":"2021-12-16T14:34:53+00:00","twitter_card":"summary_large_image","twitter_misc":{"Estimated reading time":"1 minute"},"schema":{"@context":"https:\/\/schema.org","@graph":[{"@type":"WebPage","@id":"https:\/\/www.caponecaccia.it\/chi-siamo\/","url":"https:\/\/www.caponecaccia.it\/chi-siamo\/","name":"Chi siamo |Capone Caccia - abbigliamento tecnico per la caccia","isPartOf":{"@id":"https:\/\/www.caponecaccia.it\/#website"},"datePublished":"2018-06-04T10:13:14+00:00","dateModified":"2021-12-16T14:34:53+00:00","description":"Capone Caccia \u00e8 uno shop online dedicato alla vendita di abbigliamento tecnico per la caccia. Pantaloni, giacche, gilet, scarpe e molto altro.","breadcrumb":{"@id":"https:\/\/www.caponecaccia.it\/chi-siamo\/#breadcrumb"},"inLanguage":"en-GB","potentialAction":[{"@type":"ReadAction","target":["https:\/\/www.caponecaccia.it\/chi-siamo\/"]}]},{"@type":"BreadcrumbList","@id":"https:\/\/www.caponecaccia.it\/chi-siamo\/#breadcrumb","itemListElement":[{"@type":"ListItem","position":1,"name":"Home","item":"https:\/\/www.caponecaccia.it\/"},{"@type":"ListItem","position":2,"name":"Chi Siamo"}]},{"@type":"WebSite","@id":"https:\/\/www.caponecaccia.it\/#website","url":"https:\/\/www.caponecaccia.it\/","name":"Capone Hunt","description":"","publisher":{"@id":"https:\/\/www.caponecaccia.it\/#organization"},"potentialAction":[{"@type":"SearchAction","target":{"@type":"EntryPoint","urlTemplate":"https:\/\/www.caponecaccia.it\/?s={search_term_string}"},"query-input":{"@type":"PropertyValueSpecification","valueRequired":true,"valueName":"search_term_string"}}],"inLanguage":"en-GB"},{"@type":"Organization","@id":"https:\/\/www.caponecaccia.it\/#organization","name":"Capone Hunt","url":"https:\/\/www.caponecaccia.it\/","logo":{"@type":"ImageObject","inLanguage":"en-GB","@id":"https:\/\/www.caponecaccia.it\/#\/schema\/logo\/image\/","url":"https:\/\/www.caponecaccia.it\/wp-content\/uploads\/2019\/04\/logo2.png","contentUrl":"https:\/\/www.caponecaccia.it\/wp-content\/uploads\/2019\/04\/logo2.png","width":100,"height":100,"caption":"Capone Caccia"},"image":{"@id":"https:\/\/www.caponecaccia.it\/#\/schema\/logo\/image\/"}}]}},"_links":{"self":[{"href":"https:\/\/www.caponecaccia.it\/en\/wp-json\/wp\/v2\/pages\/468","targetHints":{"allow":["GET"]}}],"collection":[{"href":"https:\/\/www.caponecaccia.it\/en\/wp-json\/wp\/v2\/pages"}],"about":[{"href":"https:\/\/www.caponecaccia.it\/en\/wp-json\/wp\/v2\/types\/page"}],"author":[{"embeddable":true,"href":"https:\/\/www.caponecaccia.it\/en\/wp-json\/wp\/v2\/users\/3"}],"replies":[{"embeddable":true,"href":"https:\/\/www.caponecaccia.it\/en\/wp-json\/wp\/v2\/comments?post=468"}],"version-history":[{"count":1,"href":"https:\/\/www.caponecaccia.it\/en\/wp-json\/wp\/v2\/pages\/468\/revisions"}],"predecessor-version":[{"id":2955,"href":"https:\/\/www.caponecaccia.it\/en\/wp-json\/wp\/v2\/pages\/468\/revisions\/2955"}],"wp:attachment":[{"href":"https:\/\/www.caponecaccia.it\/en\/wp-json\/wp\/v2\/media?parent=468"}],"curies":[{"name":"wp","href":"https:\/\/api.w.org\/{rel}","templated":true}]}}