{"id":1770,"date":"2019-04-16T17:54:17","date_gmt":"2019-04-16T17:54:17","guid":{"rendered":"https:\/\/www.caponecaccia.it\/?page_id=1770"},"modified":"2021-12-16T16:27:58","modified_gmt":"2021-12-16T14:27:58","slug":"condizioni-generali-di-vendita","status":"publish","type":"page","link":"https:\/\/www.caponecaccia.it\/en\/condizioni-generali-di-vendita\/","title":{"rendered":"General Conditions of Sale"},"content":{"rendered":"<div class=\"wpb-content-wrapper\">\t<div  class=\"vc_row wpb_row vc_row-fluid vc_custom_1556898616526 ts-row-wide\"  ><div class=\"wpb_column vc_column_container vc_col-sm-12\">\n\t<div class=\"wpb_wrapper\">\n\t<div class=\"vc_row wpb_row vc_inner vc_row-fluid\"><div class=\"wpb_column vc_column_container vc_col-sm-12\"><div class=\"vc_column-inner\"><div class=\"wpb_wrapper\">\n\t<div class=\"wpb_text_column wpb_content_element\" >\n\t\t<div class=\"wpb_wrapper\">\n\t\t\t<p>La vendita di prodotti sul nostro sito web www.caponecaccia.it sono regolate dalle seguenti Condizioni di Vendita:<\/p>\n<p>I prodotti acquistati sono venduti direttamente da Capone Caccia, con sede legale in Italia, Via Roma, 136 \u2013 83036 Mirabella Eclano (AV) &#8211; P.IVA n. \u00a00223840064<\/p>\n<p><strong>Come concludere il contratto con Capone Caccia<\/strong><\/p>\n<p>Per contratto si intende l\u2019acquisto di beni e prodotti a distanza da parte di un cliente consumatore ed il fornitore Capone Caccia.<\/p>\n<p>Per concludere il contratto di acquisto di uno o pi\u00f9 prodotti su www.caponecaccia.it, dovrai compilare il modulo d\u2019ordine in formato elettronico e trasmetterlo alla Capone Caccia dichiarando di aver preso visione e di accettare integralmente le condizioni di vendita e pagamento indicate nel processo di acquisto e nel presente contratto.<\/p>\n<p>E\u2019 espressamente vietato l\u2019inserimento di dati personali falsi e\/o inventati all\u2019interno dei moduli di raccolta dati necessari all\u2019espletamento dell\u2019ordine.<\/p>\n<p>Capone Caccia si riserva la facolt\u00e0 di perseguire in sede legale tali azioni e qualsiasi altra azione fraudolenta nei suoi confronti e\/o ai danni di altri consumatori.<\/p>\n<p>Nel modulo d\u2019ordine, visualizzato immediatamente prima della conclusione del contratto d\u2019acquisto, ti forniremo informazioni di sintesi circa le caratteristiche essenziali di ciascun prodotto ordinato, il prezzo (comprensivo di tutte le tasse o imposte applicabili) ed i costi di spedizione (ivi compresi gli eventuali costi supplementari da te sostenuti per aver scelto una tipologia di spedizione e consegna diversa e\/o pi\u00f9 rapida di quella standard).<\/p>\n<p>Qualora i prodotti, presentati su www.caponecaccia.it, non siano pi\u00f9 disponibili o in vendita al momento del tuo ultimo accesso al sito ovvero dell\u2019invio del modulo d\u2019ordine, sar\u00e0 cura della Capone Caccia comunicarti, tempestivamente ed in ogni caso entro trenta (30) giorni a decorrere dal giorno successivo a quello in cui avrai trasmesso il tuo ordine al Venditore, l\u2019eventuale indisponibilit\u00e0 dei prodotti ordinati. In caso di inoltro del modulo d\u2019ordine e pagamento del prezzo, il Venditore provveder\u00e0 a rimborsare, senza indebito ritardo, quanto da te gi\u00e0 anticipato ed il contratto si intender\u00e0 risolto tra le parti.<\/p>\n<p>Con la trasmissione del modulo d\u2019ordine confermi di conoscere ed accettare le Condizioni Generali di Vendita e le ulteriori informazioni contenute in www.caponecaccia.it,\u00a0 comprese le Condizioni Generali d\u2019Uso, la Privacy Policy e l\u2019informativa su Diritto di Recesso.<\/p>\n<p>Ti ricordiamo che il prodotto che acquisti \u00e8 destinato esclusivamente al paese nel quale effettui l\u2019ordine; pertanto, se decidi di immettere il prodotto in un paese diverso, sei responsabile dell\u2019immissione e sei tenuto a seguire le normative e le restrizioni applicabili sia per l\u2019esportazione dal paese in cui hai acquistato l\u2019oggetto che per l\u2019importazione nel paese in cui intendi portarlo. Capone Caccia declina sin d\u2019ora ogni responsabilit\u00e0 in merito.<\/p>\n<p><strong>Prezzi dei prodotti e condizioni d\u2019acquisto<\/strong><\/p>\n<p>Tutti i prezzi di vendita dei prodotti esposti nell\u2019e-commerce sono comprensivi di IVA.<\/p>\n<p>Su www.caponecaccia.it sono offerti in vendita esclusivamente prodotti di marca e di prima qualit\u00e0.<\/p>\n<p>Le caratteristiche essenziali dei prodotti sono presentate su caponecaccia.it all\u2019interno di ciascuna scheda prodotto. Le immagini ed i colori dei prodotti offerti in vendita su www.caponecaccia.it potrebbero tuttavia non essere corrispondenti a quelli reali per effetto del browser Internet e del monitor utilizzato.<\/p>\n<p>I prezzi dei prodotti potrebbero essere soggetti ad aggiornamenti. Accertarti del prezzo finale di vendita prima di inoltrare il relativo modulo d\u2019ordine. Capone Caccia non \u00e8 tenuto a dare alcun preavviso.<\/p>\n<p>Successivamente all\u2019acquisto verr\u00e0 inviata al cliente una mail con conferma dell\u2019ordine stesso riportante i dati del destinatario, l\u2019indirizzo per la consegna, eventuali note, prezzi e spese di acquisto e spedizione.<\/p>\n<p>Eventuali variazioni vanno comunicate tempestivamente, entro 24h dalla ricezione della mail.<\/p>\n<p><strong>Pagamenti<\/strong><\/p>\n<p>Per il pagamento dei prodotti e delle relative spese di spedizione e consegna potrai seguire una delle modalit\u00e0 indicate nel modulo d\u2019ordine, senza addebiti di costi superiori in relazione allo strumento di pagamento utilizzato.<\/p>\n<p><strong>Bonifico Bancario \u2013<\/strong> per questa modalit\u00e0 di pagamento verranno forniti i dati per effettuare il bonifico dopo aver concluso l\u2019ordine con la scelta appunto di questa modalit\u00e0. Per ottimizzare i tempi si consiglia di inviare all&#8217;e-mail ernesto.capone@libero.it una copia della ricevuta bancaria con i dettagli dell\u2019ordine per velocizzare i tempi di spedizione.<\/p>\n<p><strong>Carta di credito \u2013<\/strong> Master Card \u2013 Visa Maestro . Gli ordini accettati saranno solo quelli emessi dal titolare della carta. Le informazioni finanziarie (ad esempio, il numero della carta di credito\/debito o la data della sua scadenza) saranno inoltrate, tramite protocollo crittografato, a Banca Sella, PayPal o ad altre banche, che forniscono i relativi servizi di pagamento elettronico a distanza, senza che terzi possano, in alcun modo, avervi accesso. Tali informazioni, inoltre, non saranno mai utilizzate dal Venditore se non per completare le procedure relative al tuo acquisto e per emettere i relativi rimborsi in caso di eventuali restituzioni dei prodotti a seguito di esercizio del tuo diritto di recesso<\/p>\n<p>Il prezzo per l\u2019acquisto dei prodotti e le spese di spedizione e consegna, come indicato nel modulo d\u2019ordine, saranno addebitati sul tuo conto corrente al momento della spedizione dei prodotti acquistati.<\/p>\n<p>In nessun caso Capone Caccia \u00e8 responsabile di un uso illecito e fraudolento compiuto da terzi ai danni di un Consumatore, non avendo alcun tipo di accessori dati relativi alle carte di credito che sono fornite direttamente agli istituti bancari sopracitati.<\/p>\n<p><strong>Contrassegno<\/strong>\u00a0\u2013 I prodotti verranno pagati alla consegna direttamente al corriere. Per questo servizio \u00e8 prevista una maggiorazione.<\/p>\n<p><strong>Consegna dei prodotti<\/strong><\/p>\n<p>La consegna viene effettuata in tutta Italia ed Europa tramite corriere espresso.<\/p>\n<p>I tempi di consegna possono variare a seconda della localit\u00e0, del volume e del peso della merce.\u00a0 Mediamente in 3\/30 giorni lavorativi a partire dal giorno lavorativo successivo all\u2019avvenuto incasso del pagamento a seconda delle disponibilit\u00e0 del magazzino.<\/p>\n<p>La Capone Caccia non sar\u00e0 responsabile di eventuali ritardi.<\/p>\n<p>In fase di consegna il cliente dovr\u00e0 verificare l\u2019integrit\u00e0 e la corrispondenza del numero di colli con quelli indicati sulla lettera del vettore.<\/p>\n<p>In caso di anomalie il cliente dovr\u00e0 rifiutare la merce e contestare la differenza al vettore.<\/p>\n<p>La firma dei documenti di consegna comporta l\u2019accettazione senza riserve della merce da parte del cliente.<\/p>\n<p><strong>Garanzia e recesso prodotti<\/strong><\/p>\n<p>Su tutti i prodotti si applicano le disposizioni previste dal Decreto Legislativo n.206 del 2005. Per alcuni prodotti \u00e8 richiesta la spedizione di un tagliando di garanzia entro i termini indicati.<\/p>\n<p><strong>Diritto di recesso<\/strong><\/p>\n<p>Al consumatore \u00e8 attribuito il diritto di recesso dal contratto, cos\u00ec come previsto dal Decreto Legislativo n. 185 del 1999.<\/p>\n<p>Tale diritto \u00e8 riservato soltanto alle persone fisiche, cio\u00e8 ai consumatori privati che agiscono per scopi estranei alla propria professione. Non \u00e8 previsto diritto di recesso per persone giuridiche e fisiche.<\/p>\n<p>Per esercitare tale diritto il consumatore che ha effettuato un acquisto deve seguire questa procedura:<\/p>\n<p>1- comunicare a mezzo raccomandata o mail la volont\u00e0 di recedere dall\u2019acquisto entro 10 giorni lavorativi dalla data di ricevimento della marce.<\/p>\n<p>2- anticipare la comunicazione via mail o tramite l\u2019assistenza su whatsapp<\/p>\n<p>3- compilare il\u00a0<strong><a href=\"http:\/\/www.caponecaccia.it\/wp-content\/uploads\/2018\/06\/modulo-di-reso-2.pdf\" target=\"_self\" rel=\"follow noopener noreferrer\" data-wpel-link=\"internal\" data-slimstat=\"3\">modulo di reso<\/a>\u00a0<\/strong>da compilare e trasmettere direttamente on line attraverso mail alla casella [mail] e nel pacco.<\/p>\n<p>4- Capone Caccia provveder\u00e0 a contattare il cliente comunicandogli modalit\u00e0 e numero di rientro da indicare nel\u00a0<a href=\"http:\/\/www.caponecaccia.it\/wp-content\/uploads\/2018\/06\/modulo-di-reso-2.pdf\" target=\"_self\" rel=\"follow noopener noreferrer\" data-wpel-link=\"internal\" data-slimstat=\"3\"><strong>modulo<\/strong><\/a><\/p>\n<p>5- il cliente dovr\u00e0 effettuare tempestivamente la spedizione (a suo carico) imballando con attenzione la merce, evitando di danneggiare le confezioni originali con nastri adesivi o etichette.<\/p>\n<p>Le spese di spedizione e la responsabilit\u00e0 della merce durante la sedizione, come previsto dalla legge, sono a carico del cliente.<\/p>\n<p>In caso di danno da trasposto avvenuto durante la restituzione, Capone Caccia comunicher\u00e0 al cliente entro 5 giorni lavorativi dal ricevimento della merce.<\/p>\n<p>La merce danneggiata sar\u00e0 resa disponibile per la restituzione e la richiesta di recesso verr\u00e0 contemporaneamente annullata.<\/p>\n<p>Dopo il ricevimento del reso la Capone Caccia provveder\u00e0 a verificarne l\u2019integrit\u00e0.<\/p>\n<p>Capone Caccia fatto salvo eventuali spese di ripristino per danni accertati, provveder\u00e0 a rimborsare entro 30 giorni l\u2019intero importo del bene acquistato, con esclusione delle spese di trasposto, tramite bonifico bancario su conto corrente indicato dal cliente nel modulo di reso (<strong><a href=\"http:\/\/www.caponecaccia.it\/wp-content\/uploads\/2018\/06\/modulo-di-reso-2.pdf\" target=\"_self\" rel=\"follow noopener noreferrer\" data-wpel-link=\"internal\" data-slimstat=\"3\">clicca qui<\/a><\/strong><a href=\"http:\/\/www.caponecaccia.it\/wp-content\/uploads\/2018\/06\/modulo-di-reso-2.pdf\" target=\"_self\" rel=\"follow noopener noreferrer\" data-wpel-link=\"internal\" data-slimstat=\"3\">)<\/a>.<\/p>\n<p>Decade il diritto di recesso nel caso in cui i prodotti risultino restituiti:<\/p>\n<p>\u2013 utilizzati, lavati;<\/p>\n<p>\u2013 senza cartellino identificativo attaccato ai prodotti;<\/p>\n<p>\u2013 senza confezione originale (la confezione deve essere sigillata come in origine; se vuoi rendere un kit, devi restituire tutti gli articoli che lo compongono);<\/p>\n<p>\u2013 danneggiati (per cause diverse dal trasporto);<\/p>\n<p>\u2013 incompleti, ossia mancanti di parti, accessori, componenti e manuali, garanzie, etc;<\/p>\n<p><strong>Privacy<\/strong><\/p>\n<p>Potrai ottenere informazioni su come trattiamo i tuoi dati personali accedendo alla Privacy Policy.<\/p>\n<p>Ai sensi dell\u2019art. 10 della legge 675\/96 tutela delle persone e di altri soggetti al trattamento dei dati personali la scrivente azienda conferma che i medesimi verranno usati per fini amministrativi e di tipo commerciale da parte della nostra societ\u00e0.<\/p>\n<p>Il cliente autorizza Capone Caccia a comunicare i dati anagrafici non sensibili tipo residenza, telefono ai trasportatori o spedizionieri utilizzati per la spedizione dei ricambi acquistato per il loro recapito.<\/p>\n<p>Le Condizioni Generali di Vendita sono modificate di volta in volta anche in considerazione di eventuali mutamenti normativi. Le nuove Condizioni Generali di Vendita saranno efficaci dalla data di pubblicazione su www.caponecaccia.it.<\/p>\n<p>Potrai richiedere qualsiasi informazione tramite i nostri servizi di assistenza telefonando o scrivendo su whatsapp al numero +39 339 480 8871<\/p>\n\n\t\t<\/div>\n\t<\/div>\n<\/div><\/div><\/div><\/div>\t<\/div>\n<\/div><\/div>\n<\/div>","protected":false},"excerpt":{"rendered":"La vendita di prodotti sul nostro sito web www.caponecaccia.it sono regolate dalle seguenti Condizioni di Vendita: I prodotti acquistati sono venduti direttamente da Capone Caccia, con sede legale in Italia, Via Roma, 136 \u2013 83036 Mirabella Eclano (AV) - P.IVA n. \u00a00223840064 Come concludere il contratto con Capone Caccia Per contratto si intende l\u2019acquisto di [...]","protected":false},"author":3,"featured_media":0,"parent":0,"menu_order":0,"comment_status":"closed","ping_status":"closed","template":"","meta":{"om_disable_all_campaigns":false,"_monsterinsights_skip_tracking":false,"_monsterinsights_sitenote_active":false,"_monsterinsights_sitenote_note":"","_monsterinsights_sitenote_category":0,"_uf_show_specific_survey":0,"_uf_disable_surveys":false,"footnotes":""},"class_list":["post-1770","page","type-page","status-publish","hentry"],"yoast_head":"<!-- This site is optimized with the Yoast SEO plugin v26.6 - https:\/\/yoast.com\/wordpress\/plugins\/seo\/ -->\n<title>Condizioni di vendita |Capone Caccia - Vestiti da caccia<\/title>\n<meta name=\"description\" content=\"Tutte le condizioni di vendita del sito online Capone Caccia, lo store per acquistare vestiti da caccia e accessori tecnici al miglior prezzo.\" \/>\n<meta name=\"robots\" content=\"index, follow, max-snippet:-1, max-image-preview:large, max-video-preview:-1\" \/>\n<link rel=\"canonical\" href=\"https:\/\/www.caponecaccia.it\/en\/condizioni-generali-di-vendita\/\" \/>\n<meta property=\"og:locale\" content=\"en_GB\" \/>\n<meta property=\"og:type\" content=\"article\" \/>\n<meta property=\"og:title\" content=\"Condizioni di vendita |Capone Caccia - Vestiti da caccia\" \/>\n<meta property=\"og:description\" content=\"Tutte le condizioni di vendita del sito online Capone Caccia, lo store per acquistare vestiti da caccia e accessori tecnici al miglior prezzo.\" \/>\n<meta property=\"og:url\" content=\"https:\/\/www.caponecaccia.it\/en\/condizioni-generali-di-vendita\/\" \/>\n<meta property=\"og:site_name\" content=\"Capone Caccia\" \/>\n<meta property=\"article:modified_time\" content=\"2021-12-16T14:27:58+00:00\" \/>\n<meta name=\"twitter:card\" content=\"summary_large_image\" \/>\n<meta name=\"twitter:label1\" content=\"Estimated reading time\" \/>\n\t<meta name=\"twitter:data1\" content=\"8 minutes\" \/>\n<script type=\"application\/ld+json\" class=\"yoast-schema-graph\">{\"@context\":\"https:\/\/schema.org\",\"@graph\":[{\"@type\":\"WebPage\",\"@id\":\"https:\/\/www.caponecaccia.it\/condizioni-generali-di-vendita\/\",\"url\":\"https:\/\/www.caponecaccia.it\/condizioni-generali-di-vendita\/\",\"name\":\"Condizioni di vendita |Capone Caccia - Vestiti da caccia\",\"isPartOf\":{\"@id\":\"https:\/\/www.caponecaccia.it\/#website\"},\"datePublished\":\"2019-04-16T17:54:17+00:00\",\"dateModified\":\"2021-12-16T14:27:58+00:00\",\"description\":\"Tutte le condizioni di vendita del sito online Capone Caccia, lo store per acquistare vestiti da caccia e accessori tecnici al miglior prezzo.\",\"breadcrumb\":{\"@id\":\"https:\/\/www.caponecaccia.it\/condizioni-generali-di-vendita\/#breadcrumb\"},\"inLanguage\":\"en-GB\",\"potentialAction\":[{\"@type\":\"ReadAction\",\"target\":[\"https:\/\/www.caponecaccia.it\/condizioni-generali-di-vendita\/\"]}]},{\"@type\":\"BreadcrumbList\",\"@id\":\"https:\/\/www.caponecaccia.it\/condizioni-generali-di-vendita\/#breadcrumb\",\"itemListElement\":[{\"@type\":\"ListItem\",\"position\":1,\"name\":\"Home\",\"item\":\"https:\/\/www.caponecaccia.it\/\"},{\"@type\":\"ListItem\",\"position\":2,\"name\":\"Condizioni Generali di Vendita\"}]},{\"@type\":\"WebSite\",\"@id\":\"https:\/\/www.caponecaccia.it\/#website\",\"url\":\"https:\/\/www.caponecaccia.it\/\",\"name\":\"Capone Caccia\",\"description\":\"\",\"publisher\":{\"@id\":\"https:\/\/www.caponecaccia.it\/#organization\"},\"potentialAction\":[{\"@type\":\"SearchAction\",\"target\":{\"@type\":\"EntryPoint\",\"urlTemplate\":\"https:\/\/www.caponecaccia.it\/?s={search_term_string}\"},\"query-input\":{\"@type\":\"PropertyValueSpecification\",\"valueRequired\":true,\"valueName\":\"search_term_string\"}}],\"inLanguage\":\"en-GB\"},{\"@type\":\"Organization\",\"@id\":\"https:\/\/www.caponecaccia.it\/#organization\",\"name\":\"Capone Caccia\",\"url\":\"https:\/\/www.caponecaccia.it\/\",\"logo\":{\"@type\":\"ImageObject\",\"inLanguage\":\"en-GB\",\"@id\":\"https:\/\/www.caponecaccia.it\/#\/schema\/logo\/image\/\",\"url\":\"https:\/\/www.caponecaccia.it\/wp-content\/uploads\/2019\/04\/logo2.png\",\"contentUrl\":\"https:\/\/www.caponecaccia.it\/wp-content\/uploads\/2019\/04\/logo2.png\",\"width\":100,\"height\":100,\"caption\":\"Capone Caccia\"},\"image\":{\"@id\":\"https:\/\/www.caponecaccia.it\/#\/schema\/logo\/image\/\"}}]}<\/script>\n<!-- \/ Yoast SEO plugin. -->","yoast_head_json":{"title":"Condizioni di vendita |Capone Caccia - Vestiti da caccia","description":"Tutte le condizioni di vendita del sito online Capone Caccia, lo store per acquistare vestiti da caccia e accessori tecnici al miglior prezzo.","robots":{"index":"index","follow":"follow","max-snippet":"max-snippet:-1","max-image-preview":"max-image-preview:large","max-video-preview":"max-video-preview:-1"},"canonical":"https:\/\/www.caponecaccia.it\/en\/condizioni-generali-di-vendita\/","og_locale":"en_GB","og_type":"article","og_title":"Condizioni di vendita |Capone Caccia - Vestiti da caccia","og_description":"Tutte le condizioni di vendita del sito online Capone Caccia, lo store per acquistare vestiti da caccia e accessori tecnici al miglior prezzo.","og_url":"https:\/\/www.caponecaccia.it\/en\/condizioni-generali-di-vendita\/","og_site_name":"Capone Caccia","article_modified_time":"2021-12-16T14:27:58+00:00","twitter_card":"summary_large_image","twitter_misc":{"Estimated reading time":"8 minutes"},"schema":{"@context":"https:\/\/schema.org","@graph":[{"@type":"WebPage","@id":"https:\/\/www.caponecaccia.it\/condizioni-generali-di-vendita\/","url":"https:\/\/www.caponecaccia.it\/condizioni-generali-di-vendita\/","name":"Condizioni di vendita |Capone Caccia - Vestiti da caccia","isPartOf":{"@id":"https:\/\/www.caponecaccia.it\/#website"},"datePublished":"2019-04-16T17:54:17+00:00","dateModified":"2021-12-16T14:27:58+00:00","description":"Tutte le condizioni di vendita del sito online Capone Caccia, lo store per acquistare vestiti da caccia e accessori tecnici al miglior prezzo.","breadcrumb":{"@id":"https:\/\/www.caponecaccia.it\/condizioni-generali-di-vendita\/#breadcrumb"},"inLanguage":"en-GB","potentialAction":[{"@type":"ReadAction","target":["https:\/\/www.caponecaccia.it\/condizioni-generali-di-vendita\/"]}]},{"@type":"BreadcrumbList","@id":"https:\/\/www.caponecaccia.it\/condizioni-generali-di-vendita\/#breadcrumb","itemListElement":[{"@type":"ListItem","position":1,"name":"Home","item":"https:\/\/www.caponecaccia.it\/"},{"@type":"ListItem","position":2,"name":"Condizioni Generali di Vendita"}]},{"@type":"WebSite","@id":"https:\/\/www.caponecaccia.it\/#website","url":"https:\/\/www.caponecaccia.it\/","name":"Capone Hunt","description":"","publisher":{"@id":"https:\/\/www.caponecaccia.it\/#organization"},"potentialAction":[{"@type":"SearchAction","target":{"@type":"EntryPoint","urlTemplate":"https:\/\/www.caponecaccia.it\/?s={search_term_string}"},"query-input":{"@type":"PropertyValueSpecification","valueRequired":true,"valueName":"search_term_string"}}],"inLanguage":"en-GB"},{"@type":"Organization","@id":"https:\/\/www.caponecaccia.it\/#organization","name":"Capone Hunt","url":"https:\/\/www.caponecaccia.it\/","logo":{"@type":"ImageObject","inLanguage":"en-GB","@id":"https:\/\/www.caponecaccia.it\/#\/schema\/logo\/image\/","url":"https:\/\/www.caponecaccia.it\/wp-content\/uploads\/2019\/04\/logo2.png","contentUrl":"https:\/\/www.caponecaccia.it\/wp-content\/uploads\/2019\/04\/logo2.png","width":100,"height":100,"caption":"Capone Caccia"},"image":{"@id":"https:\/\/www.caponecaccia.it\/#\/schema\/logo\/image\/"}}]}},"_links":{"self":[{"href":"https:\/\/www.caponecaccia.it\/en\/wp-json\/wp\/v2\/pages\/1770","targetHints":{"allow":["GET"]}}],"collection":[{"href":"https:\/\/www.caponecaccia.it\/en\/wp-json\/wp\/v2\/pages"}],"about":[{"href":"https:\/\/www.caponecaccia.it\/en\/wp-json\/wp\/v2\/types\/page"}],"author":[{"embeddable":true,"href":"https:\/\/www.caponecaccia.it\/en\/wp-json\/wp\/v2\/users\/3"}],"replies":[{"embeddable":true,"href":"https:\/\/www.caponecaccia.it\/en\/wp-json\/wp\/v2\/comments?post=1770"}],"version-history":[{"count":1,"href":"https:\/\/www.caponecaccia.it\/en\/wp-json\/wp\/v2\/pages\/1770\/revisions"}],"predecessor-version":[{"id":5503,"href":"https:\/\/www.caponecaccia.it\/en\/wp-json\/wp\/v2\/pages\/1770\/revisions\/5503"}],"wp:attachment":[{"href":"https:\/\/www.caponecaccia.it\/en\/wp-json\/wp\/v2\/media?parent=1770"}],"curies":[{"name":"wp","href":"https:\/\/api.w.org\/{rel}","templated":true}]}}