{"id":1762,"date":"2019-04-16T17:50:17","date_gmt":"2019-04-16T17:50:17","guid":{"rendered":"https:\/\/www.caponecaccia.it\/?page_id=1762"},"modified":"2019-05-03T17:49:43","modified_gmt":"2019-05-03T15:49:43","slug":"diritto-di-recesso","status":"publish","type":"page","link":"https:\/\/www.caponecaccia.it\/en\/diritto-di-recesso\/","title":{"rendered":"Diritto di recesso"},"content":{"rendered":"<div class=\"wpb-content-wrapper\">\t<div  class=\"vc_row wpb_row vc_row-fluid vc_custom_1556898582158 ts-row-wide\"  ><div class=\"wpb_column vc_column_container vc_col-sm-12\">\n\t<div class=\"wpb_wrapper\">\n\t<div class=\"vc_row wpb_row vc_inner vc_row-fluid\"><div class=\"wpb_column vc_column_container vc_col-sm-12\"><div class=\"vc_column-inner\"><div class=\"wpb_wrapper\">\n\t<div class=\"wpb_text_column wpb_content_element\" >\n\t\t<div class=\"wpb_wrapper\">\n\t\t\t<p><strong>Diritto di recesso<\/strong><\/p>\n<p>Al consumatore \u00e8 attribuito il diritto di recesso dal contratto, cos\u00ec come previsto dal Decreto Legislativo n. 185 del 1999.<\/p>\n<p>Tale diritto \u00e8 riservato soltanto alle persone fisiche, cio\u00e8 ai consumatori privati che agiscono per scopi estranei alla propria professione. Non \u00e8 previsto diritto di recesso per persone giuridiche e fisiche.<\/p>\n<p>Per esercitare tale diritto il consumatore che ha effettuato un acquisto deve seguire questa procedura:<\/p>\n<p>1- comunicare a mezzo raccomandata o mail la volont\u00e0 di recedere dall\u2019acquisto entro 10 giorni lavorativi dalla data di ricevimento della marce.<\/p>\n<p>2- anticipare la comunicazione via mail o tramite l\u2019assistenza su whatsapp<\/p>\n<p>3- Capone Caccia provveder\u00e0 a contattare il cliente comunicandogli modalit\u00e0 e numero di rientro da indicare nel modulo<\/p>\n<p>4- il cliente dovr\u00e0 effettuare tempestivamente la spedizione imballando con attenzione la merce, evitando di danneggiare le confezioni originali con nastri adesivi o etichette.<\/p>\n<p>Le spese di spedizione e la responsabilit\u00e0 della merce durante la sedizione, come previsto dalla legge, sono a carico del cliente.<\/p>\n<p>In caso di danno da trasposto avvenuto durante la restituzione, Capone Caccia comunicher\u00e0 al cliente entro 5 giorni lavorativi dal ricevimento della merce.<\/p>\n<p>La merce danneggiata sar\u00e0 resa disponibile per la restituzione e la richiesta di recesso verr\u00e0 contemporaneamente annullata.<\/p>\n<p>Dopo il ricevimento del reso la Capone Caccia provveder\u00e0 a verificarne l\u2019integrit\u00e0.<\/p>\n<p>Capone Caccia fatto salvo eventuali spese di ripristino per danni accertati, provveder\u00e0 a rimborsare entro 30 giorni l\u2019intero importo del bene acquistato, con esclusione delle spese di trasposto, tramite bonifico bancario su conto corrente indicato dal cliente nel\u00a0modulo di reso\u00a0(clicca qui\u00a0con download del modulo).<\/p>\n<p>Decade il diritto di recesso nel caso in cui i prodotti risultino restituiti:<\/p>\n<p>\u2013 utilizzati, lavati;<\/p>\n<p>\u2013 senza cartellino identificativo attaccato ai prodotti;<\/p>\n<p>\u2013 senza confezione originale (la confezione deve essere sigillata come in origine; se vuoi rendere un kit, devi restituire tutti gli articoli che lo compongono);<\/p>\n<p>\u2013 danneggiati (per cause diverse dal trasporto);<\/p>\n<p>\u2013 incompleti, ossia mancanti di parti, accessori, componenti e manuali, garanzie, etc;<\/p>\n\n\t\t<\/div>\n\t<\/div>\n<\/div><\/div><\/div><\/div>\t<\/div>\n<\/div><\/div>\n<\/div>","protected":false},"excerpt":{"rendered":"Diritto di recesso Al consumatore \u00e8 attribuito il diritto di recesso dal contratto, cos\u00ec come previsto dal Decreto Legislativo n. 185 del 1999. Tale diritto \u00e8 riservato soltanto alle persone fisiche, cio\u00e8 ai consumatori privati che agiscono per scopi estranei alla propria professione. Non \u00e8 previsto diritto di recesso per persone giuridiche e fisiche. Per [...]","protected":false},"author":3,"featured_media":0,"parent":0,"menu_order":0,"comment_status":"closed","ping_status":"closed","template":"","meta":{"om_disable_all_campaigns":false,"_monsterinsights_skip_tracking":false,"_monsterinsights_sitenote_active":false,"_monsterinsights_sitenote_note":"","_monsterinsights_sitenote_category":0,"_uf_show_specific_survey":0,"_uf_disable_surveys":false,"footnotes":""},"class_list":["post-1762","page","type-page","status-publish","hentry"],"yoast_head":"<!-- This site is optimized with the Yoast SEO plugin v26.6 - https:\/\/yoast.com\/wordpress\/plugins\/seo\/ -->\n<title>Diritto di recesso - Capone Caccia<\/title>\n<meta name=\"robots\" content=\"index, follow, max-snippet:-1, max-image-preview:large, max-video-preview:-1\" \/>\n<link rel=\"canonical\" href=\"https:\/\/www.caponecaccia.it\/en\/diritto-di-recesso\/\" \/>\n<meta property=\"og:locale\" content=\"en_GB\" \/>\n<meta property=\"og:type\" content=\"article\" \/>\n<meta property=\"og:title\" content=\"Diritto di recesso - Capone Caccia\" \/>\n<meta property=\"og:url\" content=\"https:\/\/www.caponecaccia.it\/en\/diritto-di-recesso\/\" \/>\n<meta property=\"og:site_name\" content=\"Capone Caccia\" \/>\n<meta property=\"article:modified_time\" content=\"2019-05-03T15:49:43+00:00\" \/>\n<meta name=\"twitter:card\" content=\"summary_large_image\" \/>\n<meta name=\"twitter:label1\" content=\"Estimated reading time\" \/>\n\t<meta name=\"twitter:data1\" content=\"2 minutes\" \/>\n<script type=\"application\/ld+json\" class=\"yoast-schema-graph\">{\"@context\":\"https:\/\/schema.org\",\"@graph\":[{\"@type\":\"WebPage\",\"@id\":\"https:\/\/www.caponecaccia.it\/diritto-di-recesso\/\",\"url\":\"https:\/\/www.caponecaccia.it\/diritto-di-recesso\/\",\"name\":\"Diritto di recesso - Capone Caccia\",\"isPartOf\":{\"@id\":\"https:\/\/www.caponecaccia.it\/#website\"},\"datePublished\":\"2019-04-16T17:50:17+00:00\",\"dateModified\":\"2019-05-03T15:49:43+00:00\",\"breadcrumb\":{\"@id\":\"https:\/\/www.caponecaccia.it\/diritto-di-recesso\/#breadcrumb\"},\"inLanguage\":\"en-GB\",\"potentialAction\":[{\"@type\":\"ReadAction\",\"target\":[\"https:\/\/www.caponecaccia.it\/diritto-di-recesso\/\"]}]},{\"@type\":\"BreadcrumbList\",\"@id\":\"https:\/\/www.caponecaccia.it\/diritto-di-recesso\/#breadcrumb\",\"itemListElement\":[{\"@type\":\"ListItem\",\"position\":1,\"name\":\"Home\",\"item\":\"https:\/\/www.caponecaccia.it\/\"},{\"@type\":\"ListItem\",\"position\":2,\"name\":\"Diritto di recesso\"}]},{\"@type\":\"WebSite\",\"@id\":\"https:\/\/www.caponecaccia.it\/#website\",\"url\":\"https:\/\/www.caponecaccia.it\/\",\"name\":\"Capone Caccia\",\"description\":\"\",\"publisher\":{\"@id\":\"https:\/\/www.caponecaccia.it\/#organization\"},\"potentialAction\":[{\"@type\":\"SearchAction\",\"target\":{\"@type\":\"EntryPoint\",\"urlTemplate\":\"https:\/\/www.caponecaccia.it\/?s={search_term_string}\"},\"query-input\":{\"@type\":\"PropertyValueSpecification\",\"valueRequired\":true,\"valueName\":\"search_term_string\"}}],\"inLanguage\":\"en-GB\"},{\"@type\":\"Organization\",\"@id\":\"https:\/\/www.caponecaccia.it\/#organization\",\"name\":\"Capone Caccia\",\"url\":\"https:\/\/www.caponecaccia.it\/\",\"logo\":{\"@type\":\"ImageObject\",\"inLanguage\":\"en-GB\",\"@id\":\"https:\/\/www.caponecaccia.it\/#\/schema\/logo\/image\/\",\"url\":\"https:\/\/www.caponecaccia.it\/wp-content\/uploads\/2019\/04\/logo2.png\",\"contentUrl\":\"https:\/\/www.caponecaccia.it\/wp-content\/uploads\/2019\/04\/logo2.png\",\"width\":100,\"height\":100,\"caption\":\"Capone Caccia\"},\"image\":{\"@id\":\"https:\/\/www.caponecaccia.it\/#\/schema\/logo\/image\/\"}}]}<\/script>\n<!-- \/ Yoast SEO plugin. -->","yoast_head_json":{"title":"Diritto di recesso - Capone Caccia","robots":{"index":"index","follow":"follow","max-snippet":"max-snippet:-1","max-image-preview":"max-image-preview:large","max-video-preview":"max-video-preview:-1"},"canonical":"https:\/\/www.caponecaccia.it\/en\/diritto-di-recesso\/","og_locale":"en_GB","og_type":"article","og_title":"Diritto di recesso - Capone Caccia","og_url":"https:\/\/www.caponecaccia.it\/en\/diritto-di-recesso\/","og_site_name":"Capone Caccia","article_modified_time":"2019-05-03T15:49:43+00:00","twitter_card":"summary_large_image","twitter_misc":{"Estimated reading time":"2 minutes"},"schema":{"@context":"https:\/\/schema.org","@graph":[{"@type":"WebPage","@id":"https:\/\/www.caponecaccia.it\/diritto-di-recesso\/","url":"https:\/\/www.caponecaccia.it\/diritto-di-recesso\/","name":"Diritto di recesso - Capone Caccia","isPartOf":{"@id":"https:\/\/www.caponecaccia.it\/#website"},"datePublished":"2019-04-16T17:50:17+00:00","dateModified":"2019-05-03T15:49:43+00:00","breadcrumb":{"@id":"https:\/\/www.caponecaccia.it\/diritto-di-recesso\/#breadcrumb"},"inLanguage":"en-GB","potentialAction":[{"@type":"ReadAction","target":["https:\/\/www.caponecaccia.it\/diritto-di-recesso\/"]}]},{"@type":"BreadcrumbList","@id":"https:\/\/www.caponecaccia.it\/diritto-di-recesso\/#breadcrumb","itemListElement":[{"@type":"ListItem","position":1,"name":"Home","item":"https:\/\/www.caponecaccia.it\/"},{"@type":"ListItem","position":2,"name":"Diritto di recesso"}]},{"@type":"WebSite","@id":"https:\/\/www.caponecaccia.it\/#website","url":"https:\/\/www.caponecaccia.it\/","name":"Capone Hunt","description":"","publisher":{"@id":"https:\/\/www.caponecaccia.it\/#organization"},"potentialAction":[{"@type":"SearchAction","target":{"@type":"EntryPoint","urlTemplate":"https:\/\/www.caponecaccia.it\/?s={search_term_string}"},"query-input":{"@type":"PropertyValueSpecification","valueRequired":true,"valueName":"search_term_string"}}],"inLanguage":"en-GB"},{"@type":"Organization","@id":"https:\/\/www.caponecaccia.it\/#organization","name":"Capone Hunt","url":"https:\/\/www.caponecaccia.it\/","logo":{"@type":"ImageObject","inLanguage":"en-GB","@id":"https:\/\/www.caponecaccia.it\/#\/schema\/logo\/image\/","url":"https:\/\/www.caponecaccia.it\/wp-content\/uploads\/2019\/04\/logo2.png","contentUrl":"https:\/\/www.caponecaccia.it\/wp-content\/uploads\/2019\/04\/logo2.png","width":100,"height":100,"caption":"Capone Caccia"},"image":{"@id":"https:\/\/www.caponecaccia.it\/#\/schema\/logo\/image\/"}}]}},"_links":{"self":[{"href":"https:\/\/www.caponecaccia.it\/en\/wp-json\/wp\/v2\/pages\/1762","targetHints":{"allow":["GET"]}}],"collection":[{"href":"https:\/\/www.caponecaccia.it\/en\/wp-json\/wp\/v2\/pages"}],"about":[{"href":"https:\/\/www.caponecaccia.it\/en\/wp-json\/wp\/v2\/types\/page"}],"author":[{"embeddable":true,"href":"https:\/\/www.caponecaccia.it\/en\/wp-json\/wp\/v2\/users\/3"}],"replies":[{"embeddable":true,"href":"https:\/\/www.caponecaccia.it\/en\/wp-json\/wp\/v2\/comments?post=1762"}],"version-history":[{"count":0,"href":"https:\/\/www.caponecaccia.it\/en\/wp-json\/wp\/v2\/pages\/1762\/revisions"}],"wp:attachment":[{"href":"https:\/\/www.caponecaccia.it\/en\/wp-json\/wp\/v2\/media?parent=1762"}],"curies":[{"name":"wp","href":"https:\/\/api.w.org\/{rel}","templated":true}]}}